{"id":1336,"date":"2022-10-28T13:47:42","date_gmt":"2022-10-28T13:47:42","guid":{"rendered":"https:\/\/le-cairn.ch\/?page_id=1336"},"modified":"2023-10-23T09:20:33","modified_gmt":"2023-10-23T09:20:33","slug":"sion-quo-vadis-programme","status":"publish","type":"page","link":"https:\/\/le-cairn.ch\/?page_id=1336","title":{"rendered":"Sion, Quo vadis? &#8211; Programme"},"content":{"rendered":"\n<table id=\"tablepress-9\" class=\"tablepress tablepress-id-9\">\n<tbody>\n<tr class=\"row-1\">\n\t<td class=\"column-1\"><strong>Ve 28.10<\/strong> \/ 18:00-19:30<\/td><td class=\"column-2\"><strong>Vernissage de l'exposition<\/strong> <br \/>\n<br \/>\nLe vernissage se fera en compagnie de certains des intervenants (scientifiques et artistes). Ils pourront donc \u00e9changer avec le public sur leurs d\u00e9marches respectives et les r\u00e9flexions qui leur auront permis d\u2019\u00e9laborer leurs \u0153uvres.<\/td><td class=\"column-3\">Entr\u00e9e libre<\/td>\n<\/tr>\n<tr class=\"row-2\">\n\t<td class=\"column-1\"><strong>Je 03.11<\/strong> \/ 19:00-20:00<\/td><td class=\"column-2\"><strong>Conf\u00e9rence \"Sion demain, territoire en \u00e9volution\"<\/strong> <br \/>\nPascale Roulet-Mariani - urbaniste<\/td><td class=\"column-3\">Entr\u00e9e libre<\/td>\n<\/tr>\n<tr class=\"row-3\">\n\t<td class=\"column-1\"><strong>Ve 04.11<\/strong> \/ 19:00-20:00<\/td><td class=\"column-2\"><strong>Visite comment\u00e9e<\/strong> <\/td><td class=\"column-3\">Entr\u00e9e libre<\/td>\n<\/tr>\n<tr class=\"row-4\">\n\t<td class=\"column-1\"><strong>Sa 05.11<\/strong> \/ 14:00-15:00<\/td><td class=\"column-2\"><strong>Visite arch\u00e9ologique<\/strong> <br \/>\nEn compagnie de Philippe Curdy (arch\u00e9ologue et ancien conservateur au mus\u00e9e d'histoire du Valais - Sion)<br \/>\nD\u00e9part des arsenaux \u00e0 14:00<\/td><td class=\"column-3\">R\u00e9servation <a href = mailto:contact@le-cairn.ch> contact@le-cairn.ch<\/a><br \/>\nMaximum 20 personnes<\/td>\n<\/tr>\n<tr class=\"row-5\">\n\t<td class=\"column-1\"><strong>Je 10.11<\/strong> \/ 19:00-20:00<\/td><td class=\"column-2\"><strong>Conf\u00e9rence \"L'utopie et la science-fiction: outils de r\u00e9flexion pour l'\u00e9laboration d'une ville du futur?\"<\/strong> <br \/>\nMarc Atallah - directeur de la Maison d'Ailleurs<\/td><td class=\"column-3\">Entr\u00e9e libre<\/td>\n<\/tr>\n<tr class=\"row-6\">\n\t<td class=\"column-1\"><strong>Ve 11.11<\/strong> \/ 18:30-19:30<\/td><td class=\"column-2\"><strong>Lectures<\/strong>  <br \/>\nPierre-Andr\u00e9 Milhit - textes personnels, Clotilde Germann - d'\u00e9crire ma ville, Sion<\/td><td class=\"column-3\">Entr\u00e9e libre<\/td>\n<\/tr>\n<tr class=\"row-7\">\n\t<td class=\"column-1\"><strong>Sa 12.11<\/strong> \/ 10:00 et 10:45<\/td><td class=\"column-2\"><strong>Visite des archives cantonales<\/strong> <br \/>\nEn compagnie d'Alain Dubois (2 sessions)<\/td><td class=\"column-3\">R\u00e9servation <a href = mailto:contact@le-cairn.ch> contact@le-cairn.ch<\/a><br \/>\nMaximum 2x 15 personnes<\/td>\n<\/tr>\n<tr class=\"row-8\">\n\t<td class=\"column-1\"><strong>Me 16.11<\/strong> \/ 19:00-20:00<\/td><td class=\"column-2\"><strong>Table ronde \"Sion, pass\u00e9 - pr\u00e9sent - futur\"<\/strong> <br \/>\nAvec Romaine Perraudin (biologiste au DMTE), Thomas Crausaz (artiste visuel) et Lucien Barras (urbaniste). Mod\u00e9ratrice, Isabelle Dirren (co-pr\u00e9sidente du Cairn)<\/td><td class=\"column-3\">Entr\u00e9e libre<\/td>\n<\/tr>\n<tr class=\"row-9\">\n\t<td class=\"column-1\"><strong>Je 17.11<\/strong> \/ 19:00-20:00<\/td><td class=\"column-2\"><strong>Conf\u00e9rence \"Prise en compte de la dimension temporelle dans la gestion d'une commune\"<\/strong><br \/>\nMarcel Maurer - ancien pr\u00e9sident de Sion<\/td><td class=\"column-3\">Entr\u00e9e libre<\/td>\n<\/tr>\n<tr class=\"row-10\">\n\t<td class=\"column-1\"><strong>Sa 19.11<\/strong> \/ 10:00-11:00<\/td><td class=\"column-2\"><strong>Si on d\u00e9lire... Tour de ville ludique<\/strong> <br \/>\nAvec le Teatro Comico (Bernard Sartoretti), gracieusement offert par <a href=\"https:\/\/siontourisme.ch\/fr\/\" rel=\"noopener\" target=\"_blank\">Sion Tourisme<\/a><br \/>\nD\u00e9part des arsenaux \u00e0 10:00<\/td><td class=\"column-3\">R\u00e9servation <a href = mailto:contact@le-cairn.ch> contact@le-cairn.ch<\/a><br \/>\nMaximum 30 personnes<\/td>\n<\/tr>\n<tr class=\"row-11\">\n\t<td class=\"column-1\"><strong>Sa 19.11<\/strong><\/td><td class=\"column-2\"><strong>Fin de l'exposition<\/strong><\/td><td class=\"column-3\">Entr\u00e9e libre<\/td>\n<\/tr>\n<tr class=\"row-12\">\n\t<td class=\"column-1\"><\/td><td class=\"column-2\"><\/td><td class=\"column-3\"><\/td>\n<\/tr>\n<tr class=\"row-13\">\n\t<td class=\"column-1\"><\/td><td class=\"column-2\"><\/td><td class=\"column-3\"><\/td>\n<\/tr>\n<\/tbody>\n<\/table>\n<!-- #tablepress-9 from cache -->\n\n\n<p>Projet r\u00e9alis\u00e9 avec le soutien de :<\/p>\n\n\n\n<div class=\"wp-block-columns is-layout-flex wp-container-7\">\n<div class=\"wp-block-column is-layout-flow\">\n<figure class=\"wp-block-image size-large\"><img decoding=\"async\" loading=\"lazy\" width=\"1024\" height=\"266\" src=\"https:\/\/le-cairn.ch\/wp-content\/uploads\/2022\/10\/LesArsenaux_Logo_RVB-1024x266.png\" alt=\"\" class=\"wp-image-1319\" srcset=\"https:\/\/le-cairn.ch\/wp-content\/uploads\/2022\/10\/LesArsenaux_Logo_RVB-1024x266.png 1024w, https:\/\/le-cairn.ch\/wp-content\/uploads\/2022\/10\/LesArsenaux_Logo_RVB-300x78.png 300w, https:\/\/le-cairn.ch\/wp-content\/uploads\/2022\/10\/LesArsenaux_Logo_RVB-768x199.png 768w, https:\/\/le-cairn.ch\/wp-content\/uploads\/2022\/10\/LesArsenaux_Logo_RVB.png 1261w\" sizes=\"(max-width: 767px) 89vw, (max-width: 1000px) 54vw, (max-width: 1071px) 543px, 580px\" \/><\/figure>\n<\/div>\n\n\n\n<div class=\"wp-block-column is-layout-flow\">\n<figure class=\"wp-block-image size-full\"><img decoding=\"async\" loading=\"lazy\" width=\"200\" height=\"167\" src=\"https:\/\/le-cairn.ch\/wp-content\/uploads\/2018\/07\/SC_MusiquePro_200_web.png\" alt=\"\" class=\"wp-image-460\"\/><\/figure>\n<\/div>\n\n\n\n<div class=\"wp-block-column is-layout-flow\">\n<figure class=\"wp-block-image size-full\"><img decoding=\"async\" loading=\"lazy\" width=\"978\" height=\"510\" src=\"https:\/\/le-cairn.ch\/wp-content\/uploads\/2022\/10\/SION_Logo_ville_CMJN.png\" alt=\"\" class=\"wp-image-1321\" srcset=\"https:\/\/le-cairn.ch\/wp-content\/uploads\/2022\/10\/SION_Logo_ville_CMJN.png 978w, https:\/\/le-cairn.ch\/wp-content\/uploads\/2022\/10\/SION_Logo_ville_CMJN-300x156.png 300w, https:\/\/le-cairn.ch\/wp-content\/uploads\/2022\/10\/SION_Logo_ville_CMJN-768x400.png 768w\" sizes=\"(max-width: 767px) 89vw, (max-width: 1000px) 54vw, (max-width: 1071px) 543px, 580px\" \/><\/figure>\n<\/div>\n\n\n\n<div class=\"wp-block-column is-layout-flow\">\n<figure class=\"wp-block-image size-full\"><img decoding=\"async\" loading=\"lazy\" width=\"200\" height=\"135\" src=\"https:\/\/le-cairn.ch\/wp-content\/uploads\/2018\/09\/Bourgeoisie_200.png\" alt=\"\" class=\"wp-image-526\"\/><\/figure>\n<\/div>\n\n\n\n<div class=\"wp-block-column is-layout-flow\">\n<figure class=\"wp-block-image size-large\"><img decoding=\"async\" loading=\"lazy\" width=\"1024\" height=\"722\" src=\"https:\/\/le-cairn.ch\/wp-content\/uploads\/2022\/10\/AEVSW_logo_quadri-1024x722.jpg\" alt=\"\" class=\"wp-image-1320\" srcset=\"https:\/\/le-cairn.ch\/wp-content\/uploads\/2022\/10\/AEVSW_logo_quadri-1024x722.jpg 1024w, https:\/\/le-cairn.ch\/wp-content\/uploads\/2022\/10\/AEVSW_logo_quadri-300x211.jpg 300w, https:\/\/le-cairn.ch\/wp-content\/uploads\/2022\/10\/AEVSW_logo_quadri-768x541.jpg 768w, https:\/\/le-cairn.ch\/wp-content\/uploads\/2022\/10\/AEVSW_logo_quadri-1536x1083.jpg 1536w, https:\/\/le-cairn.ch\/wp-content\/uploads\/2022\/10\/AEVSW_logo_quadri-2048x1444.jpg 2048w\" sizes=\"(max-width: 767px) 89vw, (max-width: 1000px) 54vw, (max-width: 1071px) 543px, 580px\" \/><\/figure>\n<\/div>\n\n\n\n<div class=\"wp-block-column is-layout-flow\">\n<figure class=\"wp-block-image size-full\"><img decoding=\"async\" loading=\"lazy\" width=\"200\" height=\"71\" src=\"https:\/\/le-cairn.ch\/wp-content\/uploads\/2018\/09\/Loterie_orange_200.png\" alt=\"\" class=\"wp-image-533\"\/><\/figure>\n<\/div>\n<\/div>\n","protected":false},"excerpt":{"rendered":"<p>Projet r\u00e9alis\u00e9 avec le soutien de :<\/p>\n","protected":false},"author":1,"featured_media":1346,"parent":0,"menu_order":0,"comment_status":"closed","ping_status":"closed","template":"","meta":[],"wf_page_folders":[17],"_links":{"self":[{"href":"https:\/\/le-cairn.ch\/index.php?rest_route=\/wp\/v2\/pages\/1336"}],"collection":[{"href":"https:\/\/le-cairn.ch\/index.php?rest_route=\/wp\/v2\/pages"}],"about":[{"href":"https:\/\/le-cairn.ch\/index.php?rest_route=\/wp\/v2\/types\/page"}],"author":[{"embeddable":true,"href":"https:\/\/le-cairn.ch\/index.php?rest_route=\/wp\/v2\/users\/1"}],"replies":[{"embeddable":true,"href":"https:\/\/le-cairn.ch\/index.php?rest_route=%2Fwp%2Fv2%2Fcomments&post=1336"}],"version-history":[{"count":8,"href":"https:\/\/le-cairn.ch\/index.php?rest_route=\/wp\/v2\/pages\/1336\/revisions"}],"predecessor-version":[{"id":1398,"href":"https:\/\/le-cairn.ch\/index.php?rest_route=\/wp\/v2\/pages\/1336\/revisions\/1398"}],"wp:featuredmedia":[{"embeddable":true,"href":"https:\/\/le-cairn.ch\/index.php?rest_route=\/wp\/v2\/media\/1346"}],"wp:attachment":[{"href":"https:\/\/le-cairn.ch\/index.php?rest_route=%2Fwp%2Fv2%2Fmedia&parent=1336"}],"wp:term":[{"taxonomy":"wf_page_folders","embeddable":true,"href":"https:\/\/le-cairn.ch\/index.php?rest_route=%2Fwp%2Fv2%2Fwf_page_folders&post=1336"}],"curies":[{"name":"wp","href":"https:\/\/api.w.org\/{rel}","templated":true}]}}