{"id":1406,"date":"2023-10-23T09:52:31","date_gmt":"2023-10-23T09:52:31","guid":{"rendered":"https:\/\/le-cairn.ch\/?page_id=1406"},"modified":"2023-10-23T09:57:22","modified_gmt":"2023-10-23T09:57:22","slug":"sion-quo-vadis-lexposition","status":"publish","type":"page","link":"https:\/\/le-cairn.ch\/?page_id=1406","title":{"rendered":"Sion, quo vadis? &#8211; L&#8217;exposition"},"content":{"rendered":"\n<figure class=\"wp-block-image size-large\"><img decoding=\"async\" loading=\"lazy\" width=\"1024\" height=\"683\" src=\"https:\/\/le-cairn.ch\/wp-content\/uploads\/2023\/10\/DSCF4271-1024x683.jpg\" alt=\"\" class=\"wp-image-1407\" srcset=\"https:\/\/le-cairn.ch\/wp-content\/uploads\/2023\/10\/DSCF4271-1024x683.jpg 1024w, https:\/\/le-cairn.ch\/wp-content\/uploads\/2023\/10\/DSCF4271-300x200.jpg 300w, https:\/\/le-cairn.ch\/wp-content\/uploads\/2023\/10\/DSCF4271-768x512.jpg 768w, https:\/\/le-cairn.ch\/wp-content\/uploads\/2023\/10\/DSCF4271-1536x1024.jpg 1536w, https:\/\/le-cairn.ch\/wp-content\/uploads\/2023\/10\/DSCF4271-2048x1365.jpg 2048w\" sizes=\"(max-width: 767px) 89vw, (max-width: 1000px) 54vw, (max-width: 1071px) 543px, 580px\" \/><\/figure>\n\n\n<div class=\"page\" title=\"Page 1\">\n<div class=\"layoutArea\">\n<div class=\"page\" title=\"Page 5\">\n<div class=\"section\">\n<div class=\"layoutArea\">\n<div class=\"column\">\n<p>Du 28 octobre au 19 novembre 2022, nous avons pr\u00e9sent\u00e9, dans les locaux des Arsenaux, les travaux initi\u00e9s lors de la rencontre du mois de mai. Des gaufrages, subtils repr\u00e9sentations des motifs discrets des st\u00e8les du Petit-Chasseur, des inscriptions cun\u00e9iformes et fragmentaires rappelant les \u00e9critures des anciens parchemins, des fragments de mur tagu\u00e9s concentr\u00e9s d\u2019histoire r\u00e9cente d\u2019un lieu ont parsem\u00e9s les murs des arsenaux. Une carte de Sion en 2050, a interrog\u00e9 les visiteurs sur notre occupation du territoire \u00e0 moyen terme. Des photos superposant la ville de Sion et des paysages glaciaires a mis en emphase la relation de la ville \u00e0 son environnement alpin. Que se passera-t-il lors d\u2019une prochaine glaciation ? Des dessins incomplets ont laiss\u00e9 libre cours aux visiteurs de les compl\u00e9ter au gr\u00e9 de leur envie et de leur v\u00e9cu dans la ville de Sion. Une installation hybride d\u2019illustrations et de textes revisite de mani\u00e8re d\u00e9cal\u00e9e la recherche et les hypoth\u00e8ses arch\u00e9ologiques. Et si les arch\u00e9ologues se trompaient radicalement sur l\u2019interpr\u00e9tation des st\u00e8les du Petit-Chasseur ? Une \u0153uvre sonore invite \u00e0 une balade le long du Rh\u00f4ne, enregistrant la vie le long de son cours. Est-ce que la 3\u00e8me correction du Rh\u00f4ne changera cette bande sonore ? et enfin un radeau con\u00e7u de brique et de broc a archiv\u00e9 la dynamique du canal de Vissigen vou\u00e9 \u00e0 changer drastiquement lors de la 3\u00e8me correction du Rh\u00f4ne.<\/p>\n<p style=\"text-align: right;\"><a href=\"https:\/\/le-cairn.ch\/wp-content\/uploads\/2023\/10\/Cairn-descriptifs-des-oeuvres.pdf\" data-wplink-edit=\"true\">Liste des oeuvres<\/a><\/p>\n<\/div>\n<\/div>\n<\/div>\n<\/div>\n<\/div>\n<div class=\"layoutArea\">\n<hr>\n<p><strong>SCIENTIFIQUES<br><\/strong>&#8211; Philippe Curdy &#8211; Conservateur au Mus\u00e9e d&#8217;Histoire du Valais, arch\u00e9ologue<br>&#8211; Alain Dubois &#8211; Archiviste cantonal<br>&#8211; Romaine Perraudin &#8211; Biologiste au DMTE (Service de la protection contre les crues du Rh\u00f4ne)<br>&#8211; Pascale Roulet &#8211; Architecte, urbaniste<br>&#8211; Marc Atallah &#8211; Directeur de la Maison d&#8217;Ailleurs, Directeur du Numerik Games Festival, Ma\u00eetre d&#8217;enseignement et de recherche \u00e0 la section de fran\u00e7ais de l&#8217;Universit\u00e9 de Lausanne<\/p>\n<p><strong>ARTISTES<br><\/strong>&#8211; Anne-Chantal Pitteloud<br>&#8211; Fabien Iannone<br>&#8211; Thomas Crausaz<br>&#8211; Pierre-Andr\u00e9 Milhit<br>&#8211; Nicolas Sedlatchek<br>&#8211; Aline Fournier<br>&#8211; V\u00e9ronique Michelet<br>&#8211; R\u00e9my Bender<br>&#8211; Ma\u00eblle Cornut<br>&#8211; Gr\u00e9goire Fumeaux<\/p>\n<\/div>\n<\/div>\n\n\n<p>Projet r\u00e9alis\u00e9 avec le soutien de :<\/p>\n\n\n\n<div class=\"wp-block-columns is-layout-flex wp-container-6\">\n<div class=\"wp-block-column is-layout-flow\">\n<figure class=\"wp-block-image size-large\"><img decoding=\"async\" loading=\"lazy\" width=\"1024\" height=\"266\" src=\"https:\/\/le-cairn.ch\/wp-content\/uploads\/2022\/10\/LesArsenaux_Logo_RVB-1024x266.png\" alt=\"\" class=\"wp-image-1319\" srcset=\"https:\/\/le-cairn.ch\/wp-content\/uploads\/2022\/10\/LesArsenaux_Logo_RVB-1024x266.png 1024w, https:\/\/le-cairn.ch\/wp-content\/uploads\/2022\/10\/LesArsenaux_Logo_RVB-300x78.png 300w, https:\/\/le-cairn.ch\/wp-content\/uploads\/2022\/10\/LesArsenaux_Logo_RVB-768x199.png 768w, https:\/\/le-cairn.ch\/wp-content\/uploads\/2022\/10\/LesArsenaux_Logo_RVB.png 1261w\" sizes=\"(max-width: 767px) 89vw, (max-width: 1000px) 54vw, (max-width: 1071px) 543px, 580px\" \/><\/figure>\n<\/div>\n\n\n\n<div class=\"wp-block-column is-layout-flow\">\n<figure class=\"wp-block-image size-full\"><img decoding=\"async\" loading=\"lazy\" width=\"200\" height=\"167\" src=\"https:\/\/le-cairn.ch\/wp-content\/uploads\/2018\/07\/SC_MusiquePro_200_web.png\" alt=\"\" class=\"wp-image-460\"\/><\/figure>\n<\/div>\n\n\n\n<div class=\"wp-block-column is-layout-flow\">\n<figure class=\"wp-block-image size-full\"><img decoding=\"async\" loading=\"lazy\" width=\"978\" height=\"510\" src=\"https:\/\/le-cairn.ch\/wp-content\/uploads\/2022\/10\/SION_Logo_ville_CMJN.png\" alt=\"\" class=\"wp-image-1321\" srcset=\"https:\/\/le-cairn.ch\/wp-content\/uploads\/2022\/10\/SION_Logo_ville_CMJN.png 978w, https:\/\/le-cairn.ch\/wp-content\/uploads\/2022\/10\/SION_Logo_ville_CMJN-300x156.png 300w, https:\/\/le-cairn.ch\/wp-content\/uploads\/2022\/10\/SION_Logo_ville_CMJN-768x400.png 768w\" sizes=\"(max-width: 767px) 89vw, (max-width: 1000px) 54vw, (max-width: 1071px) 543px, 580px\" \/><\/figure>\n<\/div>\n\n\n\n<div class=\"wp-block-column is-layout-flow\">\n<figure class=\"wp-block-image size-full\"><img decoding=\"async\" loading=\"lazy\" width=\"200\" height=\"135\" src=\"https:\/\/le-cairn.ch\/wp-content\/uploads\/2018\/09\/Bourgeoisie_200.png\" alt=\"\" class=\"wp-image-526\"\/><\/figure>\n<\/div>\n\n\n\n<div class=\"wp-block-column is-layout-flow\">\n<figure class=\"wp-block-image size-large\"><img decoding=\"async\" loading=\"lazy\" width=\"1024\" height=\"722\" src=\"https:\/\/le-cairn.ch\/wp-content\/uploads\/2022\/10\/AEVSW_logo_quadri-1024x722.jpg\" alt=\"\" class=\"wp-image-1320\" srcset=\"https:\/\/le-cairn.ch\/wp-content\/uploads\/2022\/10\/AEVSW_logo_quadri-1024x722.jpg 1024w, https:\/\/le-cairn.ch\/wp-content\/uploads\/2022\/10\/AEVSW_logo_quadri-300x211.jpg 300w, https:\/\/le-cairn.ch\/wp-content\/uploads\/2022\/10\/AEVSW_logo_quadri-768x541.jpg 768w, https:\/\/le-cairn.ch\/wp-content\/uploads\/2022\/10\/AEVSW_logo_quadri-1536x1083.jpg 1536w, https:\/\/le-cairn.ch\/wp-content\/uploads\/2022\/10\/AEVSW_logo_quadri-2048x1444.jpg 2048w\" sizes=\"(max-width: 767px) 89vw, (max-width: 1000px) 54vw, (max-width: 1071px) 543px, 580px\" \/><\/figure>\n<\/div>\n<\/div>\n\n\n\n<div class=\"wp-block-columns is-layout-flex wp-container-11\">\n<div class=\"wp-block-column is-layout-flow\">\n<figure class=\"wp-block-image size-full\"><img decoding=\"async\" loading=\"lazy\" width=\"200\" height=\"71\" src=\"https:\/\/le-cairn.ch\/wp-content\/uploads\/2018\/09\/Loterie_orange_200.png\" alt=\"\" class=\"wp-image-533\"\/><\/figure>\n<\/div>\n\n\n\n<div class=\"wp-block-column is-layout-flow\"><\/div>\n\n\n\n<div class=\"wp-block-column is-layout-flow\"><\/div>\n\n\n\n<div class=\"wp-block-column is-layout-flow\"><\/div>\n<\/div>\n","protected":false},"excerpt":{"rendered":"<p>Du 28 octobre au 19 novembre 2022, nous avons pr\u00e9sent\u00e9, dans les locaux des Arsenaux, les travaux initi\u00e9s lors de la rencontre du mois de mai. Des gaufrages, subtils repr\u00e9sentations des motifs discrets des st\u00e8les du Petit-Chasseur, des inscriptions cun\u00e9iformes et fragmentaires rappelant les \u00e9critures des anciens parchemins, des fragments de mur tagu\u00e9s concentr\u00e9s d\u2019histoire &hellip; <\/p>\n<p class=\"link-more\"><a href=\"https:\/\/le-cairn.ch\/?page_id=1406\" class=\"more-link\">Continuer la lecture<span class=\"screen-reader-text\"> de &laquo;&nbsp;Sion, quo vadis? &#8211; L&#8217;exposition&nbsp;&raquo;<\/span><\/a><\/p>\n","protected":false},"author":2,"featured_media":0,"parent":0,"menu_order":0,"comment_status":"closed","ping_status":"closed","template":"","meta":[],"wf_page_folders":[17],"_links":{"self":[{"href":"https:\/\/le-cairn.ch\/index.php?rest_route=\/wp\/v2\/pages\/1406"}],"collection":[{"href":"https:\/\/le-cairn.ch\/index.php?rest_route=\/wp\/v2\/pages"}],"about":[{"href":"https:\/\/le-cairn.ch\/index.php?rest_route=\/wp\/v2\/types\/page"}],"author":[{"embeddable":true,"href":"https:\/\/le-cairn.ch\/index.php?rest_route=\/wp\/v2\/users\/2"}],"replies":[{"embeddable":true,"href":"https:\/\/le-cairn.ch\/index.php?rest_route=%2Fwp%2Fv2%2Fcomments&post=1406"}],"version-history":[{"count":2,"href":"https:\/\/le-cairn.ch\/index.php?rest_route=\/wp\/v2\/pages\/1406\/revisions"}],"predecessor-version":[{"id":1411,"href":"https:\/\/le-cairn.ch\/index.php?rest_route=\/wp\/v2\/pages\/1406\/revisions\/1411"}],"wp:attachment":[{"href":"https:\/\/le-cairn.ch\/index.php?rest_route=%2Fwp%2Fv2%2Fmedia&parent=1406"}],"wp:term":[{"taxonomy":"wf_page_folders","embeddable":true,"href":"https:\/\/le-cairn.ch\/index.php?rest_route=%2Fwp%2Fv2%2Fwf_page_folders&post=1406"}],"curies":[{"name":"wp","href":"https:\/\/api.w.org\/{rel}","templated":true}]}}