{"id":1415,"date":"2024-07-23T04:43:15","date_gmt":"2024-07-23T04:43:15","guid":{"rendered":"https:\/\/le-cairn.ch\/?page_id=1415"},"modified":"2024-07-23T05:02:07","modified_gmt":"2024-07-23T05:02:07","slug":"accueil-news-2","status":"publish","type":"page","link":"https:\/\/le-cairn.ch\/","title":{"rendered":"Accueil &#038; news"},"content":{"rendered":"\n<p><strong><em>Sonner le gla[s]cier<\/em><\/strong>, Maison des Alpes, Evol\u00e8ne du 27 juillet au 27 septembre 2024<\/p>\n\n\n\n<figure class=\"wp-block-image size-large\"><img decoding=\"async\" loading=\"lazy\" width=\"1024\" height=\"1024\" src=\"https:\/\/le-cairn.ch\/wp-content\/uploads\/2024\/07\/20240622_105059-1024x1024.jpg\" alt=\"\" class=\"wp-image-1418\" srcset=\"https:\/\/le-cairn.ch\/wp-content\/uploads\/2024\/07\/20240622_105059-1024x1024.jpg 1024w, https:\/\/le-cairn.ch\/wp-content\/uploads\/2024\/07\/20240622_105059-300x300.jpg 300w, https:\/\/le-cairn.ch\/wp-content\/uploads\/2024\/07\/20240622_105059-150x150.jpg 150w, https:\/\/le-cairn.ch\/wp-content\/uploads\/2024\/07\/20240622_105059-768x768.jpg 768w, https:\/\/le-cairn.ch\/wp-content\/uploads\/2024\/07\/20240622_105059-1536x1536.jpg 1536w, https:\/\/le-cairn.ch\/wp-content\/uploads\/2024\/07\/20240622_105059-2048x2048.jpg 2048w, https:\/\/le-cairn.ch\/wp-content\/uploads\/2024\/07\/20240622_105059-100x100.jpg 100w, https:\/\/le-cairn.ch\/wp-content\/uploads\/2024\/07\/20240622_105059-560x560.jpg 560w\" sizes=\"(max-width: 767px) 89vw, (max-width: 1000px) 54vw, (max-width: 1071px) 543px, 580px\" \/><\/figure>\n\n\n\n<p><em>est un projet interdisciplinaire proposant une r\u00e9flexion artistique sur l\u2019in\u00e9luctable disparition des glaciers.<\/em><\/p>\n\n\n\n<p><em>\u00c0 travers des \u0153uvres in\u00e9dites r\u00e9alis\u00e9es in situ \u00e0 la suite d\u2019un week-end d\u2019\u00e9changes avec des scientifiques du domaine, l\u2019exposition dresse un \u00e9tat des lieux po\u00e9tique de la situation, entre repr\u00e9sentations du pass\u00e9, r\u00e9alit\u00e9 actuelle et projections futures.<\/em><\/p>\n\n\n\n<p>Projet propos\u00e9 dans le cadre de &#8220;<a href=\"https:\/\/artforglaciers.ch\" target=\"_blank\" rel=\"noreferrer noopener\">Regarder le glacier s&#8217;en aller<\/a>&#8220;<\/p>\n\n\n\n<p class=\"has-text-align-right\"><strong><a href=\"https:\/\/le-cairn.ch\/wp-content\/uploads\/2024\/07\/Sonner-le-glascier-A5-FINAL.pdf\">Flyers et programme<\/a><\/strong><\/p>\n\n\n\n<p class=\"has-text-align-right\"><strong><a href=\"https:\/\/le-cairn.ch\/wp-content\/uploads\/2024\/07\/Regarder-le-glacier-sen-aller-Dossier-de-presse-07.24.pdf\">Dossier de presse<\/a><\/strong><\/p>\n\n\n\n<p>Projet r\u00e9alis\u00e9 avec le soutien de :<\/p>\n\n\n\n<div class=\"wp-block-columns is-layout-flex wp-container-7\">\n<div class=\"wp-block-column is-layout-flow\">\n<figure class=\"wp-block-image size-large\"><img decoding=\"async\" loading=\"lazy\" width=\"1024\" height=\"642\" src=\"https:\/\/le-cairn.ch\/wp-content\/uploads\/2024\/07\/AAG_Logo_FR_Noir-1024x642.jpg\" alt=\"\" class=\"wp-image-1429\" srcset=\"https:\/\/le-cairn.ch\/wp-content\/uploads\/2024\/07\/AAG_Logo_FR_Noir-1024x642.jpg 1024w, https:\/\/le-cairn.ch\/wp-content\/uploads\/2024\/07\/AAG_Logo_FR_Noir-300x188.jpg 300w, https:\/\/le-cairn.ch\/wp-content\/uploads\/2024\/07\/AAG_Logo_FR_Noir-768x482.jpg 768w, https:\/\/le-cairn.ch\/wp-content\/uploads\/2024\/07\/AAG_Logo_FR_Noir-1536x964.jpg 1536w, https:\/\/le-cairn.ch\/wp-content\/uploads\/2024\/07\/AAG_Logo_FR_Noir-2048x1285.jpg 2048w\" sizes=\"(max-width: 767px) 89vw, (max-width: 1000px) 54vw, (max-width: 1071px) 543px, 580px\" \/><\/figure>\n<\/div>\n\n\n\n<div class=\"wp-block-column is-layout-flow\">\n<figure class=\"wp-block-image size-large\"><img decoding=\"async\" loading=\"lazy\" width=\"1024\" height=\"571\" src=\"https:\/\/le-cairn.ch\/wp-content\/uploads\/2024\/07\/Logo-Maison-des-Alpes-1024x571.png\" alt=\"\" class=\"wp-image-1426\" srcset=\"https:\/\/le-cairn.ch\/wp-content\/uploads\/2024\/07\/Logo-Maison-des-Alpes-1024x571.png 1024w, https:\/\/le-cairn.ch\/wp-content\/uploads\/2024\/07\/Logo-Maison-des-Alpes-300x167.png 300w, https:\/\/le-cairn.ch\/wp-content\/uploads\/2024\/07\/Logo-Maison-des-Alpes-768x428.png 768w, https:\/\/le-cairn.ch\/wp-content\/uploads\/2024\/07\/Logo-Maison-des-Alpes.png 1130w\" sizes=\"(max-width: 767px) 89vw, (max-width: 1000px) 54vw, (max-width: 1071px) 543px, 580px\" \/><\/figure>\n<\/div>\n\n\n\n<div class=\"wp-block-column is-layout-flow\">\n<figure class=\"wp-block-image size-full\"><img decoding=\"async\" loading=\"lazy\" width=\"200\" height=\"167\" src=\"https:\/\/le-cairn.ch\/wp-content\/uploads\/2018\/07\/SC_MusiquePro_200_web.png\" alt=\"\" class=\"wp-image-460\"\/><\/figure>\n<\/div>\n\n\n\n<div class=\"wp-block-column is-layout-flow\">\n<figure class=\"wp-block-image size-full\"><img decoding=\"async\" loading=\"lazy\" width=\"200\" height=\"71\" src=\"https:\/\/le-cairn.ch\/wp-content\/uploads\/2018\/09\/Loterie_orange_200.png\" alt=\"\" class=\"wp-image-533\"\/><\/figure>\n<\/div>\n\n\n\n<div class=\"wp-block-column is-layout-flow\">\n<figure class=\"wp-block-image size-large\"><img decoding=\"async\" loading=\"lazy\" width=\"1024\" height=\"609\" src=\"https:\/\/le-cairn.ch\/wp-content\/uploads\/2024\/07\/evolene_logo_couleur-1024x609.png\" alt=\"\" class=\"wp-image-1423\" srcset=\"https:\/\/le-cairn.ch\/wp-content\/uploads\/2024\/07\/evolene_logo_couleur-1024x609.png 1024w, https:\/\/le-cairn.ch\/wp-content\/uploads\/2024\/07\/evolene_logo_couleur-300x178.png 300w, https:\/\/le-cairn.ch\/wp-content\/uploads\/2024\/07\/evolene_logo_couleur-768x457.png 768w, https:\/\/le-cairn.ch\/wp-content\/uploads\/2024\/07\/evolene_logo_couleur.png 1159w\" sizes=\"(max-width: 767px) 89vw, (max-width: 1000px) 54vw, (max-width: 1071px) 543px, 580px\" \/><\/figure>\n<\/div>\n\n\n\n<div class=\"wp-block-column is-layout-flow\">\n<figure class=\"wp-block-image size-large is-resized\"><img decoding=\"async\" loading=\"lazy\" src=\"https:\/\/le-cairn.ch\/wp-content\/uploads\/2024\/07\/Langart-825x1024.png\" alt=\"\" class=\"wp-image-1425\" width=\"57\" height=\"70\" srcset=\"https:\/\/le-cairn.ch\/wp-content\/uploads\/2024\/07\/Langart-825x1024.png 825w, https:\/\/le-cairn.ch\/wp-content\/uploads\/2024\/07\/Langart-242x300.png 242w, https:\/\/le-cairn.ch\/wp-content\/uploads\/2024\/07\/Langart-768x954.png 768w, https:\/\/le-cairn.ch\/wp-content\/uploads\/2024\/07\/Langart.png 1075w\" sizes=\"(max-width: 57px) 100vw, 57px\" \/><\/figure>\n<\/div>\n<\/div>\n\n\n\n<div class=\"wp-block-columns is-layout-flex wp-container-14\">\n<div class=\"wp-block-column is-layout-flow\">\n<figure class=\"wp-block-image size-full\"><img decoding=\"async\" loading=\"lazy\" width=\"595\" height=\"595\" src=\"https:\/\/le-cairn.ch\/wp-content\/uploads\/2024\/07\/Flore-Alpe_logo-vert-rose_23022017_Web.png\" alt=\"\" class=\"wp-image-1424\" srcset=\"https:\/\/le-cairn.ch\/wp-content\/uploads\/2024\/07\/Flore-Alpe_logo-vert-rose_23022017_Web.png 595w, https:\/\/le-cairn.ch\/wp-content\/uploads\/2024\/07\/Flore-Alpe_logo-vert-rose_23022017_Web-300x300.png 300w, https:\/\/le-cairn.ch\/wp-content\/uploads\/2024\/07\/Flore-Alpe_logo-vert-rose_23022017_Web-150x150.png 150w, https:\/\/le-cairn.ch\/wp-content\/uploads\/2024\/07\/Flore-Alpe_logo-vert-rose_23022017_Web-100x100.png 100w, https:\/\/le-cairn.ch\/wp-content\/uploads\/2024\/07\/Flore-Alpe_logo-vert-rose_23022017_Web-560x560.png 560w\" sizes=\"(max-width: 595px) 100vw, 595px\" \/><\/figure>\n<\/div>\n\n\n\n<div class=\"wp-block-column is-layout-flow\">\n<figure class=\"wp-block-image size-full\"><img decoding=\"async\" loading=\"lazy\" width=\"283\" height=\"283\" src=\"https:\/\/le-cairn.ch\/wp-content\/uploads\/2024\/07\/logoRandodo.png\" alt=\"\" class=\"wp-image-1427\" srcset=\"https:\/\/le-cairn.ch\/wp-content\/uploads\/2024\/07\/logoRandodo.png 283w, https:\/\/le-cairn.ch\/wp-content\/uploads\/2024\/07\/logoRandodo-150x150.png 150w, https:\/\/le-cairn.ch\/wp-content\/uploads\/2024\/07\/logoRandodo-100x100.png 100w\" sizes=\"(max-width: 283px) 100vw, 283px\" \/><\/figure>\n<\/div>\n\n\n\n<div class=\"wp-block-column is-layout-flow\"><\/div>\n\n\n\n<div class=\"wp-block-column is-layout-flow\"><\/div>\n\n\n\n<div class=\"wp-block-column is-layout-flow\"><\/div>\n\n\n\n<div class=\"wp-block-column is-layout-flow\"><\/div>\n<\/div>\n\n\n\n<p><br><\/p>\n\n\n\n<p><br><\/p>\n","protected":false},"excerpt":{"rendered":"<p>Sonner le gla[s]cier, Maison des Alpes, Evol\u00e8ne du 27 juillet au 27 septembre 2024 est un projet interdisciplinaire proposant une r\u00e9flexion artistique sur l\u2019in\u00e9luctable disparition des glaciers. \u00c0 travers des \u0153uvres in\u00e9dites r\u00e9alis\u00e9es in situ \u00e0 la suite d\u2019un week-end d\u2019\u00e9changes avec des scientifiques du domaine, l\u2019exposition dresse un \u00e9tat des lieux po\u00e9tique de la &hellip; <\/p>\n<p class=\"link-more\"><a href=\"https:\/\/le-cairn.ch\/\" class=\"more-link\">Continuer la lecture<span class=\"screen-reader-text\"> de &laquo;&nbsp;Accueil &#038; news&nbsp;&raquo;<\/span><\/a><\/p>\n","protected":false},"author":2,"featured_media":0,"parent":0,"menu_order":0,"comment_status":"closed","ping_status":"closed","template":"","meta":[],"wf_page_folders":[],"_links":{"self":[{"href":"https:\/\/le-cairn.ch\/index.php?rest_route=\/wp\/v2\/pages\/1415"}],"collection":[{"href":"https:\/\/le-cairn.ch\/index.php?rest_route=\/wp\/v2\/pages"}],"about":[{"href":"https:\/\/le-cairn.ch\/index.php?rest_route=\/wp\/v2\/types\/page"}],"author":[{"embeddable":true,"href":"https:\/\/le-cairn.ch\/index.php?rest_route=\/wp\/v2\/users\/2"}],"replies":[{"embeddable":true,"href":"https:\/\/le-cairn.ch\/index.php?rest_route=%2Fwp%2Fv2%2Fcomments&post=1415"}],"version-history":[{"count":3,"href":"https:\/\/le-cairn.ch\/index.php?rest_route=\/wp\/v2\/pages\/1415\/revisions"}],"predecessor-version":[{"id":1428,"href":"https:\/\/le-cairn.ch\/index.php?rest_route=\/wp\/v2\/pages\/1415\/revisions\/1428"}],"wp:attachment":[{"href":"https:\/\/le-cairn.ch\/index.php?rest_route=%2Fwp%2Fv2%2Fmedia&parent=1415"}],"wp:term":[{"taxonomy":"wf_page_folders","embeddable":true,"href":"https:\/\/le-cairn.ch\/index.php?rest_route=%2Fwp%2Fv2%2Fwf_page_folders&post=1415"}],"curies":[{"name":"wp","href":"https:\/\/api.w.org\/{rel}","templated":true}]}}