{"id":16,"date":"2018-04-21T12:27:25","date_gmt":"2018-04-21T12:27:25","guid":{"rendered":"https:\/\/le-cairn.ch\/?page_id=16"},"modified":"2019-04-16T14:52:09","modified_gmt":"2019-04-16T14:52:09","slug":"devenir-membre","status":"publish","type":"page","link":"https:\/\/le-cairn.ch\/?page_id=16","title":{"rendered":"Devenir membre"},"content":{"rendered":"\n<figure class=\"wp-block-image\"><img decoding=\"async\" loading=\"lazy\" width=\"1024\" height=\"284\" src=\"https:\/\/le-cairn.ch\/wp-content\/uploads\/2018\/04\/IMG_4292-copie-1024x284.jpg\" alt=\"\" class=\"wp-image-28\"\/><\/figure>\n\n\n<p>T\u00e9l\u00e9charger les <a href=\"https:\/\/le-cairn.ch\/wp-content\/uploads\/2018\/07\/2018_Statuts-de-l\u2019association.pdf\" target=\"_blank\" rel=\"noopener noreferrer\">statuts de l\u2019association<\/a><\/p>\n<p><\/p>\n\n<div class=\"wpcf7 no-js\" id=\"wpcf7-f26-o1\" lang=\"fr-FR\" dir=\"ltr\">\n<div class=\"screen-reader-response\"><p role=\"status\" aria-live=\"polite\" aria-atomic=\"true\"><\/p> <ul><\/ul><\/div>\n<form action=\"\/index.php?rest_route=%2Fwp%2Fv2%2Fpages%2F16#wpcf7-f26-o1\" method=\"post\" class=\"wpcf7-form init\" aria-label=\"Formulaire de contact\" novalidate=\"novalidate\" data-status=\"init\">\n<div style=\"display: none;\">\n<input type=\"hidden\" name=\"_wpcf7\" value=\"26\" \/>\n<input type=\"hidden\" name=\"_wpcf7_version\" value=\"5.7.7\" \/>\n<input type=\"hidden\" name=\"_wpcf7_locale\" value=\"fr_FR\" \/>\n<input type=\"hidden\" name=\"_wpcf7_unit_tag\" value=\"wpcf7-f26-o1\" \/>\n<input type=\"hidden\" name=\"_wpcf7_container_post\" value=\"0\" \/>\n<input type=\"hidden\" name=\"_wpcf7_posted_data_hash\" value=\"\" \/>\n<input type=\"hidden\" name=\"_wpcf7_recaptcha_response\" value=\"\" \/>\n<\/div>\n<p><label> Nom*<br \/>\n<span class=\"wpcf7-form-control-wrap\" data-name=\"your-name\"><input size=\"40\" class=\"wpcf7-form-control wpcf7-text wpcf7-validates-as-required\" aria-required=\"true\" aria-invalid=\"false\" value=\"\" type=\"text\" name=\"your-name\" \/><\/span> <\/label>\n<\/p>\n<p><label> Pr\u00e9nom*<br \/>\n<span class=\"wpcf7-form-control-wrap\" data-name=\"your-firstname\"><input size=\"40\" class=\"wpcf7-form-control wpcf7-text wpcf7-validates-as-required\" aria-required=\"true\" aria-invalid=\"false\" value=\"\" type=\"text\" name=\"your-firstname\" \/><\/span> <\/label>\n<\/p>\n<p><label> Adresse*<br \/>\n<span class=\"wpcf7-form-control-wrap\" data-name=\"your-adress\"><input size=\"40\" class=\"wpcf7-form-control wpcf7-text wpcf7-validates-as-required\" aria-required=\"true\" aria-invalid=\"false\" value=\"\" type=\"text\" name=\"your-adress\" \/><\/span> <\/label>\n<\/p>\n<p><label> Code Postal*<br \/>\n<span class=\"wpcf7-form-control-wrap\" data-name=\"your-ZIP\"><input size=\"40\" class=\"wpcf7-form-control wpcf7-text wpcf7-validates-as-required\" aria-required=\"true\" aria-invalid=\"false\" value=\"\" type=\"text\" name=\"your-ZIP\" \/><\/span> <\/label>\n<\/p>\n<p><label> Localit\u00e9*<br \/>\n<span class=\"wpcf7-form-control-wrap\" data-name=\"your-city\"><input size=\"40\" class=\"wpcf7-form-control wpcf7-text wpcf7-validates-as-required\" aria-required=\"true\" aria-invalid=\"false\" value=\"\" type=\"text\" name=\"your-city\" \/><\/span> <\/label>\n<\/p>\n<p><label> E-mail*<br \/>\n<span class=\"wpcf7-form-control-wrap\" data-name=\"your-email\"><input size=\"40\" class=\"wpcf7-form-control wpcf7-text wpcf7-email wpcf7-validates-as-required wpcf7-validates-as-email\" aria-required=\"true\" aria-invalid=\"false\" value=\"\" type=\"email\" name=\"your-email\" \/><\/span> <\/label>\n<\/p>\n<p><label> T\u00e9l\u00e9phone*<br \/>\n<span class=\"wpcf7-form-control-wrap\" data-name=\"your-phone\"><input size=\"40\" class=\"wpcf7-form-control wpcf7-text wpcf7-validates-as-required\" aria-required=\"true\" aria-invalid=\"false\" value=\"\" type=\"text\" name=\"your-phone\" \/><\/span> <\/label>\n<\/p>\n<p><label> Devenir membre* <\/label><br \/>\n<span class=\"wpcf7-form-control-wrap\" data-name=\"Devenirmembre\"><span class=\"wpcf7-form-control wpcf7-checkbox\"><span class=\"wpcf7-list-item first\"><input type=\"checkbox\" name=\"Devenirmembre[]\" value=\"adulte (50.-)\" \/><span class=\"wpcf7-list-item-label\">adulte (50.-)<\/span><\/span><span class=\"wpcf7-list-item\"><input type=\"checkbox\" name=\"Devenirmembre[]\" value=\"\u00e9tudiant (35.-)\" \/><span class=\"wpcf7-list-item-label\">\u00e9tudiant (35.-)<\/span><\/span><span class=\"wpcf7-list-item last\"><input type=\"checkbox\" name=\"Devenirmembre[]\" value=\"membre d&#039;honneur (libre)\" \/><span class=\"wpcf7-list-item-label\">membre d&#039;honneur (libre)<\/span><\/span><\/span><\/span>\n<\/p>\n<p><label> Autres <\/label><br \/>\n<span class=\"wpcf7-form-control-wrap\" data-name=\"Autres\"><span class=\"wpcf7-form-control wpcf7-checkbox\"><span class=\"wpcf7-list-item first\"><input type=\"checkbox\" name=\"Autres[]\" value=\"Etre b\u00e9n\u00e9vole\" \/><span class=\"wpcf7-list-item-label\">Etre b\u00e9n\u00e9vole<\/span><\/span><span class=\"wpcf7-list-item last\"><input type=\"checkbox\" name=\"Autres[]\" value=\"Etre inform\u00e9 des \u00e9v\u00e8nements du Cairn\" \/><span class=\"wpcf7-list-item-label\">Etre inform\u00e9 des \u00e9v\u00e8nements du Cairn<\/span><\/span><\/span><\/span>\n<\/p>\n<p><label> Votre message<br \/>\n<span class=\"wpcf7-form-control-wrap\" data-name=\"your-message\"><textarea cols=\"40\" rows=\"10\" class=\"wpcf7-form-control wpcf7-textarea\" aria-invalid=\"false\" name=\"your-message\"><\/textarea><\/span> <\/label>\n<\/p>\n<p><input class=\"wpcf7-form-control has-spinner wpcf7-submit\" type=\"submit\" value=\"Envoyer\" \/><br \/>\n<span id=\"wpcf7-6a0468dfdf689-wrapper\" class=\"wpcf7-form-control-wrap email-membre-wrap\" style=\"display:none !important; visibility:hidden !important;\"><label for=\"wpcf7-6a0468dfdf689-field\" class=\"hp-message\">Veuillez laisser ce champ vide.<\/label><input id=\"wpcf7-6a0468dfdf689-field\"  class=\"wpcf7-form-control wpcf7-text\" type=\"text\" name=\"email-membre\" value=\"\" size=\"40\" tabindex=\"-1\" autocomplete=\"new-password\" \/><\/span><br \/>\n\n<\/p><p style=\"display: none !important;\"><label>&#916;<textarea name=\"_wpcf7_ak_hp_textarea\" cols=\"45\" rows=\"8\" maxlength=\"100\"><\/textarea><\/label><input type=\"hidden\" id=\"ak_js_1\" name=\"_wpcf7_ak_js\" value=\"22\"\/><script>document.getElementById( \"ak_js_1\" ).setAttribute( \"value\", ( new Date() ).getTime() );<\/script><\/p><div class=\"wpcf7-response-output\" aria-hidden=\"true\"><\/div>\n<\/form>\n<\/div>\n\n<p><\/p>","protected":false},"excerpt":{"rendered":"<p>T\u00e9l\u00e9charger les statuts de l\u2019association<\/p>\n","protected":false},"author":2,"featured_media":0,"parent":0,"menu_order":0,"comment_status":"closed","ping_status":"closed","template":"","meta":[],"wf_page_folders":[22],"_links":{"self":[{"href":"https:\/\/le-cairn.ch\/index.php?rest_route=\/wp\/v2\/pages\/16"}],"collection":[{"href":"https:\/\/le-cairn.ch\/index.php?rest_route=\/wp\/v2\/pages"}],"about":[{"href":"https:\/\/le-cairn.ch\/index.php?rest_route=\/wp\/v2\/types\/page"}],"author":[{"embeddable":true,"href":"https:\/\/le-cairn.ch\/index.php?rest_route=\/wp\/v2\/users\/2"}],"replies":[{"embeddable":true,"href":"https:\/\/le-cairn.ch\/index.php?rest_route=%2Fwp%2Fv2%2Fcomments&post=16"}],"version-history":[{"count":16,"href":"https:\/\/le-cairn.ch\/index.php?rest_route=\/wp\/v2\/pages\/16\/revisions"}],"predecessor-version":[{"id":704,"href":"https:\/\/le-cairn.ch\/index.php?rest_route=\/wp\/v2\/pages\/16\/revisions\/704"}],"wp:attachment":[{"href":"https:\/\/le-cairn.ch\/index.php?rest_route=%2Fwp%2Fv2%2Fmedia&parent=16"}],"wp:term":[{"taxonomy":"wf_page_folders","embeddable":true,"href":"https:\/\/le-cairn.ch\/index.php?rest_route=%2Fwp%2Fv2%2Fwf_page_folders&post=16"}],"curies":[{"name":"wp","href":"https:\/\/api.w.org\/{rel}","templated":true}]}}