{"id":208,"date":"2018-05-02T20:59:25","date_gmt":"2018-05-02T20:59:25","guid":{"rendered":"https:\/\/le-cairn.ch\/?page_id=208"},"modified":"2023-10-23T10:08:47","modified_gmt":"2023-10-23T10:08:47","slug":"statuts-de-lassociation","status":"publish","type":"page","link":"https:\/\/le-cairn.ch\/?page_id=208","title":{"rendered":"Statuts de l&#8217;association"},"content":{"rendered":"<h1><strong>Statuts de l\u2019association \u00ab\u00a0Le CAIRN\u00a0\u00bb<\/strong><\/h1>\n<h4>Article 1<br \/>\n<span style=\"font-size: 1rem;\">D\u00e9nomination, si\u00e8ge, but<\/span><\/h4>\n<ol>\n<li>Sous la d\u00e9nomination \u00ab\u00a0Cairn\u00bb, il est constitu\u00e9 une association au sens des articles 60 et suivants du Code Civil Suisse<\/li>\n<li>Le si\u00e8ge de l\u2019association est \u00e0 Sion<\/li>\n<li>L\u2019association a pour but\u00a0:<\/li>\n<li style=\"list-style-type: none;\">\n<ul>\n<li>De promouvoir les artistes \u00e9mergeants dans les domaines li\u00e9s au graphisme, \u00e0 la peinture, la photographie et la sculpture, de m\u00eame que les artisans de tous domaines int\u00e9ress\u00e9s \u00e0 montrer leur production<\/li>\n<li>De cr\u00e9er des liens entre les divers artistes et artisans<\/li>\n<li>D\u2019organiser des \u00e9v\u00e9nements qui favorisent ces liens<\/li>\n<li>De permettre au public de s\u2019approcher de mani\u00e8re active de ces domaines culturels<\/li>\n<\/ul>\n<\/li>\n<li>L\u2019association est constitu\u00e9e pour une dur\u00e9e ind\u00e9termin\u00e9e<\/li>\n<li>L\u2019association est apolitique et sans appartenance religieuse<\/li>\n<li>La dissolution de l\u2019association interviendra conform\u00e9ment aux dispositions du code civil suisse.<\/li>\n<\/ol>\n<h4>Article 2<br \/>\n<span style=\"font-size: 1rem;\">Membres<\/span><\/h4>\n<ol>\n<li>Sont membres actifs de l\u2019association, les membres du comit\u00e9 propos\u00e9s \u00e0 l\u2019assembl\u00e9e g\u00e9n\u00e9rale, et toute personne impliqu\u00e9e dans l\u2019organisation des \u00e9v\u00e9nements et manifestations en lien avec les buts de l\u2019association<\/li>\n<li>Sont membres passifs, les membres amis, les membres de soutien et les donateurs. Ces membres sont li\u00e9s \u00e0 l\u2019association par le paiement d\u2019une cotisation. Ils peuvent participer \u00e0 l\u2019AG\u00a0et voter. Ils sont inform\u00e9s r\u00e9guli\u00e8rement des activit\u00e9s de l\u2019association.<\/li>\n<li>La qualit\u00e9 de membre se perd:<\/li>\n<li style=\"list-style-type: none;\">\n<ul>\n<li>par d\u00e9c\u00e8s<\/li>\n<li>par d\u00e9mission \u00e9crite adress\u00e9e au moins six mois avant la fin de l&#8217;exercice au Comit\u00e9<\/li>\n<li>par exclusion prononc\u00e9e par le Comit\u00e9, pour &#8220;de juste motifs&#8221;, avec un droit de recours devant l&#8217;assembl\u00e9e g\u00e9n\u00e9rale.<\/li>\n<li>par d\u00e9faut de paiement des cotisations pendant plus d&#8217;une ann\u00e9e.<\/li>\n<\/ul>\n<\/li>\n<li>Dans tous les cas la cotisation de l&#8217;ann\u00e9e reste due. Les membres d\u00e9missionnaires ou exclus n&#8217;ont aucun droit \u00e0 l&#8217;avoir social.<\/li>\n<\/ol>\n<h4>Article 3<br \/>\n<span style=\"font-size: 1rem;\">Responsabilit\u00e9<\/span><\/h4>\n<ol>\n<li>Les associ\u00e9s n\u2019encourent aucune responsabilit\u00e9 personnelle \u00e0 l\u2019\u00e9gard des engagements de l\u2019association, qui ne sont garantis que par les biens de celle-ci.<\/li>\n<\/ol>\n<h4>Article 4<br \/>\n<span style=\"font-size: 1rem;\">Finances<\/span><\/h4>\n<ol>\n<li>Les moyens financiers de l\u2019association sont constitu\u00e9s par\u00a0:<\/li>\n<li>Les cotisations et dons vers\u00e9s par les membres et membres passifs\n<ul>\n<li>La cotisation est de 50.- par an, 35.- pour les moins de 20 ans ou \u00e9tudiants<\/li>\n<\/ul>\n<\/li>\n<li>Les subventions des collectivit\u00e9s publiques ou autres organismes<\/li>\n<\/ol>\n<h4>Article 5<br \/>\n<span style=\"font-size: 1rem;\">Organes<\/span><\/h4>\n<ol>\n<li>Les organes de l\u2019association sont\u00a0:<\/li>\n<li style=\"list-style-type: none;\">\n<ul>\n<li>L\u2019assembl\u00e9e g\u00e9n\u00e9rale<\/li>\n<li>Le comit\u00e9<\/li>\n<li>L\u2019organe de contr\u00f4le (v\u00e9rificateurs de comptes\u00a0)<\/li>\n<\/ul>\n<\/li>\n<\/ol>\n<h4 style=\"padding-left: 40px;\">Article 6<br \/>\n<span style=\"font-size: 1rem;\">Assembl\u00e9e g\u00e9n\u00e9rale<\/span><\/h4>\n<ol>\n<li>L\u2019assembl\u00e9e g\u00e9n\u00e9rale est compos\u00e9e de tous les membres actifs et passifs de l\u2019association. Elle est valablement constitu\u00e9e quel que soit le nombre des membres pr\u00e9sents.<\/li>\n<li>L\u2019assembl\u00e9e g\u00e9n\u00e9rale est convoqu\u00e9e par le comit\u00e9 une fois par an. La convocation mentionnant l\u2019ordre du jour est envoy\u00e9e par courrier ou par e-mail \u00e0 tous les membres au moins 10 jours \u00e0 l\u2019avance. Chaque membre est libre de faire une proposition de modification de l\u2019ordre du jour.<\/li>\n<li>L\u2019assembl\u00e9e g\u00e9n\u00e9rale prend ses d\u00e9cisions \u00e0 la majorit\u00e9 simple des voix des membres pr\u00e9sents. En cas d\u2019\u00e9galit\u00e9 des voix, celle du pr\u00e9sident\/de la pr\u00e9sidente est d\u00e9terminante.<\/li>\n<li>Elle peut, en outre, se r\u00e9unir en session extraordinaire chaque fois que n\u00e9cessaire \u00e0 la demande du Comit\u00e9 ou de 1\/5\u00e8me des membres.<\/li>\n<li>Les comp\u00e9tences de l\u2019assembl\u00e9e g\u00e9n\u00e9rale\u00a0:<\/li>\n<li style=\"list-style-type: none;\">\n<ul>\n<li>approuver le proc\u00e8s-verbal de la derni\u00e8re Assembl\u00e9e g\u00e9n\u00e9rale ;<\/li>\n<li>se prononcer sur l\u2019admission ou l\u2019exclusion des membres de l\u2019association ;<\/li>\n<li>approuver le budget des d\u00e9penses communes pr\u00e9sent\u00e9\u0301 par le Comit\u00e9 ;<\/li>\n<li>fixer le montant des cotisations des membres de l\u2019association ;<\/li>\n<li>\u00e9lire les membres du Comit\u00e9 et en d\u00e9signer le Pr\u00e9sident ;<\/li>\n<li>d\u00e9signer des v\u00e9rificateurs des comptes ;<\/li>\n<li>d\u00e9cider de toute modification des pr\u00e9sents statuts ;<\/li>\n<li>d\u00e9cider de la dissolution de l\u2019association ;<\/li>\n<\/ul>\n<\/li>\n<\/ol>\n<h4>Article 7<br \/>\n<span style=\"font-size: 1rem;\">Le comit\u00e9<\/span><\/h4>\n<ol>\n<li>Le comit\u00e9 est le pouvoir ex\u00e9cutif de l\u2019association\u00a0; il la repr\u00e9sente \u00e0 l\u2019\u00e9gard des tiers et l\u2019engage valablement par la signature individuelle du pr\u00e9sident\/de la pr\u00e9sidente et de l\u2019un des autres membres.<\/li>\n<li>Le comit\u00e9 se compose au minimum de 3 personnes \u00e9lues par l\u2019assembl\u00e9e g\u00e9n\u00e9rale pour une dur\u00e9e de 1 an. Il s\u2019organise lui-m\u00eame. Il nomme un secr\u00e9taire et un tr\u00e9sorier. Il est investi des pouvoirs les plus \u00e9tendus pour la gestion et l\u2019administration de l\u2019association.<\/li>\n<li>Chaque membre du comit\u00e9 peut d\u00e9missionner en l\u2019annon\u00e7ant dans un d\u00e9lai de 3 mois avant la fin de l\u2019exercice, qui s\u2019\u00e9tend du 1er mai au 31 avril.<\/li>\n<li>Le comit\u00e9 convoque chaque ann\u00e9e l\u2019AG pour le mois de mai<\/li>\n<li>Il g\u00e8re les ressources \u00e0 disposition et les utilise conform\u00e9ment aux buts fix\u00e9s. Il pourvoit \u00e0 la tenue des comptes de l\u2019association.<\/li>\n<\/ol>\n<h4>Article 8<br \/>\n<span style=\"font-size: 1rem;\">L\u2019organe de contr\u00f4le<\/span><\/h4>\n<ol>\n<li>Sur proposition du comit\u00e9, l\u2019assembl\u00e9e g\u00e9n\u00e9rale d\u00e9signe l\u2019organe de contr\u00f4le dont le rapport lui sera soumis avec les comptes de chaque exercice et le rapport de gestion \u00e9tabli par le pr\u00e9sident\/la pr\u00e9sidente.<\/li>\n<li>L\u2019organe de contr\u00f4le, compos\u00e9 de deux v\u00e9rificateurs des comptes, est nomm\u00e9 pour une dur\u00e9e de 1 an<\/li>\n<\/ol>\n<h4>Article 9<\/h4>\n<ol>\n<li>Les statuts peuvent \u00eatre modifi\u00e9s en tout temps. Ils devront \u00eatre ratifi\u00e9s par l\u2019Assembl\u00e9e G\u00e9n\u00e9rale, \u00e0 la majorit\u00e9 des 2\/3 des membres pr\u00e9sents.<\/li>\n<\/ol>\n<h4>Disposition finale<\/h4>\n<ol>\n<li>Les pr\u00e9sents statuts ont \u00e9t\u00e9 accept\u00e9s lors de l\u2019assembl\u00e9e g\u00e9n\u00e9rale du vendredi 31 mai 2023 et entrent en vigueur d\u00e8s cette date.<\/li>\n<\/ol>\n","protected":false},"excerpt":{"rendered":"<p>Statuts de l\u2019association \u00ab\u00a0Le CAIRN\u00a0\u00bb Article 1 D\u00e9nomination, si\u00e8ge, but Sous la d\u00e9nomination \u00ab\u00a0Cairn\u00bb, il est constitu\u00e9 une association au sens des articles 60 et suivants du Code Civil Suisse Le si\u00e8ge de l\u2019association est \u00e0 Sion L\u2019association a pour but\u00a0: De promouvoir les artistes \u00e9mergeants dans les domaines li\u00e9s au graphisme, \u00e0 la peinture, &hellip; <\/p>\n<p class=\"link-more\"><a href=\"https:\/\/le-cairn.ch\/?page_id=208\" class=\"more-link\">Continuer la lecture<span class=\"screen-reader-text\"> de &laquo;&nbsp;Statuts de l&#8217;association&nbsp;&raquo;<\/span><\/a><\/p>\n","protected":false},"author":1,"featured_media":0,"parent":0,"menu_order":0,"comment_status":"closed","ping_status":"closed","template":"","meta":[],"wf_page_folders":[22],"_links":{"self":[{"href":"https:\/\/le-cairn.ch\/index.php?rest_route=\/wp\/v2\/pages\/208"}],"collection":[{"href":"https:\/\/le-cairn.ch\/index.php?rest_route=\/wp\/v2\/pages"}],"about":[{"href":"https:\/\/le-cairn.ch\/index.php?rest_route=\/wp\/v2\/types\/page"}],"author":[{"embeddable":true,"href":"https:\/\/le-cairn.ch\/index.php?rest_route=\/wp\/v2\/users\/1"}],"replies":[{"embeddable":true,"href":"https:\/\/le-cairn.ch\/index.php?rest_route=%2Fwp%2Fv2%2Fcomments&post=208"}],"version-history":[{"count":8,"href":"https:\/\/le-cairn.ch\/index.php?rest_route=\/wp\/v2\/pages\/208\/revisions"}],"predecessor-version":[{"id":1412,"href":"https:\/\/le-cairn.ch\/index.php?rest_route=\/wp\/v2\/pages\/208\/revisions\/1412"}],"wp:attachment":[{"href":"https:\/\/le-cairn.ch\/index.php?rest_route=%2Fwp%2Fv2%2Fmedia&parent=208"}],"wp:term":[{"taxonomy":"wf_page_folders","embeddable":true,"href":"https:\/\/le-cairn.ch\/index.php?rest_route=%2Fwp%2Fv2%2Fwf_page_folders&post=208"}],"curies":[{"name":"wp","href":"https:\/\/api.w.org\/{rel}","templated":true}]}}