{"id":358,"date":"2018-07-18T16:41:01","date_gmt":"2018-07-18T16:41:01","guid":{"rendered":"https:\/\/le-cairn.ch\/?page_id=358"},"modified":"2019-04-16T09:21:52","modified_gmt":"2019-04-16T09:21:52","slug":"le-cairn","status":"publish","type":"page","link":"https:\/\/le-cairn.ch\/?page_id=358","title":{"rendered":"2018 &#8211; Exposition &#8220;Sur la Faille&#8221;"},"content":{"rendered":"<p><img decoding=\"async\" loading=\"lazy\" class=\"aligncenter size-full wp-image-547\" src=\"https:\/\/le-cairn.ch\/wp-content\/uploads\/2019\/02\/SLF_expo_couverture.jpg\" alt=\"\" width=\"828\" height=\"314\" srcset=\"https:\/\/le-cairn.ch\/wp-content\/uploads\/2019\/02\/SLF_expo_couverture.jpg 828w, https:\/\/le-cairn.ch\/wp-content\/uploads\/2019\/02\/SLF_expo_couverture-300x114.jpg 300w, https:\/\/le-cairn.ch\/wp-content\/uploads\/2019\/02\/SLF_expo_couverture-768x291.jpg 768w\" sizes=\"(max-width: 767px) 89vw, (max-width: 1000px) 54vw, (max-width: 1071px) 543px, 580px\" \/><\/p>\n<p>25 janvier 1946 17h32, du glacier du Rh\u00f4ne au Lac L\u00e9man, la terre tremble violemment, des secondes qui paraissent une \u00e9ternit\u00e9 et depuis\u00a0? Quelques secousses de faibles ampleurs, ici et l\u00e0, \u00e0 peine ressentie. Le temps passe, la m\u00e9moire s\u2019efface, l\u2019oubli guette\u2026<\/p>\n<p>Un danger pour le Valais\u00a0? Non pas chez nous, r\u00e9pondront les gens. Pourtant, dans un futur proche le sol, ici sous nos pieds, consid\u00e9r\u00e9 \u00e0 tort comme immuable et si solide se r\u00e9veillera d\u2019une mani\u00e8re abrupte. Que se passera-t-il\u00a0alors? Sommes-nous pr\u00eats\u00a0?<\/p>\n<p>Sur la Faille, projet artistique cr\u00e9\u00e9 de toutes pi\u00e8ces par le CAIRN, r\u00e9unit professionnels des tremblements de terre et artistes pour en parler. Il d\u00e9mystifie les s\u00e9ismes et les ancre \u00e0 nouveau dans notre quotidien. Une piq\u00fbre de rappel l\u00e9g\u00e8re \u00e0 d\u00e9couvrir aux travers d\u2019installations, d\u2019\u00e9crits, d\u2019oeuvres sonores et de dessins, cr\u00e9\u00e9s sp\u00e9cialement par huit artistes pour cet \u00e9v\u00e8nement.<\/p>\n<p style=\"text-align: right;\">T\u00e9l\u00e9charger <a href=\"https:\/\/le-cairn.ch\/wp-content\/uploads\/2019\/04\/20190228_dossier_cloture_A5_opt.pdf\" target=\"_blank\" rel=\"noopener noreferrer\">le rapport de cl\u00f4ture<\/a><br \/>\nT\u00e9l\u00e9charger <a href=\"https:\/\/le-cairn.ch\/wp-content\/uploads\/2019\/04\/20180907_Depliant_public.pdf\" target=\"_blank\" rel=\"noopener noreferrer\">le guide de l&#8217;exposition<\/a><br \/>\nT\u00e9l\u00e9charger <a href=\"https:\/\/le-cairn.ch\/wp-content\/uploads\/2018\/06\/20180531_SurLaFaille_dossierDePresse.pdf\" target=\"_blank\" rel=\"noopener noreferrer\">le dossier de presse<\/a><\/p>\n<p>En partenariat avec :<\/p>\n\n<table id=\"tablepress-7\" class=\"tablepress tablepress-id-7\">\n<tbody>\n<tr class=\"row-1\">\n\t<td class=\"column-1\"><a href=\"http:\/\/www.sion.ch\" rel=\"noopener\" target=\"_blank\"><img src=\"https:\/\/le-cairn.ch\/wp-content\/uploads\/2018\/08\/Sion_200_web.png\" alt=\"\" width=\"100\" height=\"54\" class=\"aligncenter size-full wp-image-164\"\/><\/a><\/td><td class=\"column-2\"><a href=\"http:\/\/rlcsion.ch\" rel=\"noopener\" target=\"_blank\"><img src=\"https:\/\/le-cairn.ch\/wp-content\/uploads\/2018\/07\/RLC-social_200_web.png\" alt=\"\" width=\"100\" height=\"54\" class=\"aligncenter size-full wp-image-164\"\/><\/a><\/td><td class=\"column-3\"><a href=\"https:\/\/intchieno.ch\" rel=\"noopener\" target=\"_blank\"><img src=\"https:\/\/le-cairn.ch\/wp-content\/uploads\/2018\/07\/IntchieNo_200_web.png\" alt=\"\" width=\"100\" height=\"52\" class=\"aligncenter size-full wp-image-164\"\/><\/a><\/td>\n<\/tr>\n<tr class=\"row-2\">\n\t<td class=\"column-1\"><a href=\"http:\/\/www.cpps-vs.ch\/fr-fr\/\" rel=\"noopener\" target=\"_blank\"><img src=\"https:\/\/le-cairn.ch\/wp-content\/uploads\/2018\/08\/logo_CPPS__200_web.png\" alt=\"\" width=\"100\" height=\"130\" class=\"aligncenter size-full wp-image-164\"\/><\/a><\/td><td class=\"column-2\"><a href=\"https:\/\/www.hevs.ch\/fr\/\" rel=\"noopener\" target=\"_blank\"><img src=\"https:\/\/le-cairn.ch\/wp-content\/uploads\/2018\/08\/HES-SO_200_web.png\" alt=\"\" width=\"100\" height=\"130\" class=\"aligncenter size-full wp-image-164\"\/><\/a><\/td><td class=\"column-3\"><\/td>\n<\/tr>\n<\/tbody>\n<\/table>\n<!-- #tablepress-7 from cache -->\n<p>et soutenu par :<\/p>\n\n<table id=\"tablepress-2\" class=\"tablepress tablepress-id-2\">\n<tbody>\n<tr class=\"row-1\">\n\t<td class=\"column-1\"><a href=\"https:\/\/www.vs.ch\/web\/culture\" rel=\"noopener\" target=\"_blank\"><img src=\"https:\/\/le-cairn.ch\/wp-content\/uploads\/2018\/07\/SC_MusiquePro_200_web.png\" alt=\"\" width=\"200\" height=\"167\" class=\"aligncenter size-full wp-image-164\"\/><\/a><\/td>\n<\/tr>\n<tr class=\"row-2\">\n\t<td class=\"column-1\"><a href=\"http:\/\/www.materiauxplus.ch\" rel=\"noopener\" target=\"_blank\"><img src=\"https:\/\/le-cairn.ch\/wp-content\/uploads\/2018\/07\/Mat\u00e9riauxplus_200_web.png\" alt=\"\" width=\"200\" height=\"100\" class=\"aligncenter size-full wp-image-164\"\/><\/a><\/td>\n<\/tr>\n<tr class=\"row-3\">\n\t<td class=\"column-1\"><a href=\"http:\/\/www.kbm-sa.ch\" rel=\"noopener\" target=\"_blank\"><img src=\"https:\/\/le-cairn.ch\/wp-content\/uploads\/2018\/08\/KBM_200_web.png\" alt=\"\" width=\"200\" height=\"100\" class=\"aligncenter size-full wp-image-164\"\/><\/a><\/td>\n<\/tr>\n<tr class=\"row-4\">\n\t<td class=\"column-1\"><a href=\"https:\/\/www.bourgeoisie-de-sion.ch\/fr\/accueil\/\" rel=\"noopener\" target=\"_blank\"><img src=\"https:\/\/le-cairn.ch\/wp-content\/uploads\/2018\/09\/Bourgeoisie_200.png\" alt=\"\" width=\"200\" height=\"100\" class=\"aligncenter size-full wp-image-164\"\/><\/a><\/td>\n<\/tr>\n<tr class=\"row-5\">\n\t<td class=\"column-1\"><a href=\"https:\/\/www.loro.ch\/fr\" rel=\"noopener\" target=\"_blank\"><img src=\"https:\/\/le-cairn.ch\/wp-content\/uploads\/2018\/09\/Loterie_orange_200.png\" alt=\"\" width=\"200\" height=\"100\" class=\"aligncenter size-full wp-image-164\"\/><\/a><\/td>\n<\/tr>\n<\/tbody>\n<\/table>\n<!-- #tablepress-2 from cache -->\n","protected":false},"excerpt":{"rendered":"<p>25 janvier 1946 17h32, du glacier du Rh\u00f4ne au Lac L\u00e9man, la terre tremble violemment, des secondes qui paraissent une \u00e9ternit\u00e9 et depuis\u00a0? Quelques secousses de faibles ampleurs, ici et l\u00e0, \u00e0 peine ressentie. Le temps passe, la m\u00e9moire s\u2019efface, l\u2019oubli guette\u2026 Un danger pour le Valais\u00a0? Non pas chez nous, r\u00e9pondront les gens. Pourtant, &hellip; <\/p>\n<p class=\"link-more\"><a href=\"https:\/\/le-cairn.ch\/?page_id=358\" class=\"more-link\">Continuer la lecture<span class=\"screen-reader-text\"> de &laquo;&nbsp;2018 &#8211; Exposition &#8220;Sur la Faille&#8221;&nbsp;&raquo;<\/span><\/a><\/p>\n","protected":false},"author":2,"featured_media":0,"parent":0,"menu_order":0,"comment_status":"closed","ping_status":"closed","template":"","meta":[],"wf_page_folders":[20],"_links":{"self":[{"href":"https:\/\/le-cairn.ch\/index.php?rest_route=\/wp\/v2\/pages\/358"}],"collection":[{"href":"https:\/\/le-cairn.ch\/index.php?rest_route=\/wp\/v2\/pages"}],"about":[{"href":"https:\/\/le-cairn.ch\/index.php?rest_route=\/wp\/v2\/types\/page"}],"author":[{"embeddable":true,"href":"https:\/\/le-cairn.ch\/index.php?rest_route=\/wp\/v2\/users\/2"}],"replies":[{"embeddable":true,"href":"https:\/\/le-cairn.ch\/index.php?rest_route=%2Fwp%2Fv2%2Fcomments&post=358"}],"version-history":[{"count":19,"href":"https:\/\/le-cairn.ch\/index.php?rest_route=\/wp\/v2\/pages\/358\/revisions"}],"predecessor-version":[{"id":996,"href":"https:\/\/le-cairn.ch\/index.php?rest_route=\/wp\/v2\/pages\/358\/revisions\/996"}],"wp:attachment":[{"href":"https:\/\/le-cairn.ch\/index.php?rest_route=%2Fwp%2Fv2%2Fmedia&parent=358"}],"wp:term":[{"taxonomy":"wf_page_folders","embeddable":true,"href":"https:\/\/le-cairn.ch\/index.php?rest_route=%2Fwp%2Fv2%2Fwf_page_folders&post=358"}],"curies":[{"name":"wp","href":"https:\/\/api.w.org\/{rel}","templated":true}]}}