{"id":417,"date":"2018-07-18T19:02:50","date_gmt":"2018-07-18T19:02:50","guid":{"rendered":"https:\/\/le-cairn.ch\/?page_id=417"},"modified":"2019-04-16T08:34:51","modified_gmt":"2019-04-16T08:34:51","slug":"le-programme","status":"publish","type":"page","link":"https:\/\/le-cairn.ch\/?page_id=417","title":{"rendered":"Programme"},"content":{"rendered":"\n<table id=\"tablepress-5\" class=\"tablepress tablepress-id-5\">\n<tbody>\n<tr class=\"row-1\">\n\t<td class=\"column-1\"><strong>Je 6.09<\/strong> \/ 18h<\/td><td class=\"column-2\"><strong>Vernissage<\/strong> <br \/>\n<br \/>\nLe vernissage de l\u2019exposition se fera en compagnie de certains des intervenants scientifiques et des artistes. Ils pourront donc \u00e9changer avec le public sur leurs d\u00e9marches respectives et les r\u00e9flexions qui leur auront permis d\u2019\u00e9laborer leurs \u0153uvres.<\/td><td class=\"column-3\">Entr\u00e9e libre<\/td>\n<\/tr>\n<tr class=\"row-2\">\n\t<td class=\"column-1\"><strong>Ve 7.09<\/strong> \/ 19h<\/td><td class=\"column-2\"><strong>Lecture de Virgile Elias Gehrig<\/strong> <br \/>\n<br \/>\nVirgile Elias Gehrig, \u00e9crivain valaisan, sera au Dolmen pour nous faire lecture du texte inspir\u00e9 par les mouvements du sol valaisan. Venez \u00e0 la d\u00e9couverte de sa plume singuli\u00e8re et de son ton po\u00e9tique. <br \/>\n<\/td><td class=\"column-3\">Entr\u00e9e libre<br \/>\n<br \/>\n40 pers max<\/td>\n<\/tr>\n<tr class=\"row-3\">\n\t<td class=\"column-1\"><strong>Sa 8.09<\/strong> \/ 13h30 - 17h30<\/td><td class=\"column-2\"><strong>Excursion famille en collaboration avec le <a href=\"http:\/\/cpps-vs.ch\" rel=\"noopener\" target=\"_blank\">CPPS<\/a><\/strong> <br \/>\n<br \/>\nLors de cet apr\u00e8s-midi, le public pourra vivre une exp\u00e9rience unique, celle de sentir un vrai tremblement de terre. Il comprendra, comme les artistes du projet avant lui, le fonctionnement des tremblements de terre et les enjeux li\u00e9s \u00e0 cette probl\u00e9matique en Valais. Il sera sensibilis\u00e9 \u00e0 quelques mesures pratiques \u00e0 entreprendre pour \u00eatre pr\u00eat en cas de s\u00e9isme. Son regard sur l\u2019exposition sera-t-il diff\u00e9rent apr\u00e8s la plateforme ?<\/td><td class=\"column-3\">Entr\u00e9e libre<br \/>\n<br \/>\n20 pers max<br \/>\n<br \/>\nUniquement<br \/>\nsur r\u00e9servation <br \/>\n<br \/>\nD\u00e8s 8 ans<\/td>\n<\/tr>\n<tr class=\"row-4\">\n\t<td class=\"column-1\"><strong>Sa 8.09<\/strong> \/ 19h<\/td><td class=\"column-2\"><strong>Concert de Val\u00e9ik<\/strong> <br \/>\n<br \/>\nL\u2019ensemble Val\u00e9ik est un quintet \u00e0 cordes de jeunes artistes professionnels dont les inspirations vont du r\u00e9pertoire baroque \u00e0 la collaboration rap-beatbox. Elise, altiste du groupe, et artiste de l\u2019exposition, aura pu transmettre \u00e0 ses partenaires l\u2019esprit du projet. Ils nous proposeront donc un concert unique et original \u00e0 ne pas manquer.<\/td><td class=\"column-3\">20 frs\/pers<br \/>\n<br \/>\n50 pers max<\/td>\n<\/tr>\n<tr class=\"row-5\">\n\t<td class=\"column-1\"><strong>Di 9.09<\/strong> \/ 10h00<\/td><td class=\"column-2\"><strong>Brunch et conte<\/strong> <br \/>\n<br \/>\nLe dimanche sera d\u00e9di\u00e9 aux familles avec une visite guid\u00e9e de l\u2019exposition adapt\u00e9e aux grands comme aux plus petits. Tout le monde se rendra ensuite au Totem o\u00f9 un brunch aux saveurs locales sera servi. Un espace pour les enfants ainsi que des contes seront organis\u00e9s pour que chacun passe un bon moment.<\/td><td class=\"column-3\">Uniquement sur r\u00e9servation<br \/>\n<br \/>\n40 pers max<br \/>\n<br \/>\nadulte 25 frs \/ enfant 10 frs<\/td>\n<\/tr>\n<tr class=\"row-6\">\n\t<td class=\"column-1\"><strong>Lu 10.09<\/strong> \/ 19h00<\/td><td class=\"column-2\"><strong>Conf\u00e9rence - S\u00e9ismes et infrastructures ayant une fonction vitale<\/strong>  <br \/>\n<br \/>\npar le <a href=\"http:\/\/kbm-sa.ch\" rel=\"noopener\" target=\"_blank\">bureau d'ing\u00e9nieurs KBM <\/a><br \/>\n<br \/>\nLes tremblements de terre mettent nos constructions \u00e0 s\u00e9rieuse \u00e9preuve et compromettent le fonctionnement d\u2019infrastructures ayant une fonction vitale. Conception, analyse structurale et dimensionnement parasismique d\u2019un h\u00f4pital.<\/td><td class=\"column-3\">Entr\u00e9e libre<\/td>\n<\/tr>\n<tr class=\"row-7\">\n\t<td class=\"column-1\"><strong>Ma 11.09<\/strong> \/ 19h00<\/td><td class=\"column-2\"><strong>Conf\u00e9rence - Contraintes parasismiques et architecture<br \/>\n<\/strong> <br \/>\n<br \/>\nPar le bureau d'architectes <a href=\"http:\/\/www.gaymenzel.com\" rel=\"noopener\" target=\"_blank\">GayMenzel<\/a><br \/>\n<br \/>\nQuelles sont les contraintes directes des s\u00e9ismes sur l\u2019esth\u00e9tique des nouvelles constructions ? Conf\u00e9rence donn\u00e9e par un personnalit\u00e9 de l\u2019architecture valaisanne durant laquelle le public pourra s\u2019impr\u00e9gner de mani\u00e8re tr\u00e8s concr\u00e8te des cons\u00e9quences quotidiennes d\u2019un sol en mouvement.<\/td><td class=\"column-3\">Entr\u00e9e libre<br \/>\n<br \/>\n35-40 places<\/td>\n<\/tr>\n<tr class=\"row-8\">\n\t<td class=\"column-1\"><strong>Me 12.09<\/strong> \/ 19h00<\/td><td class=\"column-2\"><strong>Visite comment\u00e9e<\/strong> <\/td><td class=\"column-3\">Entr\u00e9e libre<\/td>\n<\/tr>\n<tr class=\"row-9\">\n\t<td class=\"column-1\"><strong>Je 13.09<\/strong> \/ 19h00<\/td><td class=\"column-2\"><strong>Conf\u00e9rence - Comment le Valais est-il pr\u00e9par\u00e9 aux tremblements de terre?<\/strong> <br \/>\n<br \/>\nPar <a href=\"https:\/\/www.hevs.ch\/fr\/fr\/rad-instituts\/institut-systemes-industriels\/collaborateurs\/sauron-sornette-7867\" rel=\"noopener\" target=\"_blank\">Anne Sauron<\/a>, HEVs<br \/>\n<br \/>\nLe Valais est-t-il pr\u00e9par\u00e9 \u00e0 un s\u00e9isme de grande importance, quelles sont les mesures prises par les autorit\u00e9s et les organes concern\u00e9s\u00a0? La population est-elle en s\u00e9curit\u00e9\u00a0? Lors de cette conf\u00e9rence le public se rendra mieux compte de tout ce qui est mis en \u0153uvre dans le canton pour se pr\u00e9parer \u00e0 un s\u00e9isme de grande importance. Il pourra aussi savoir quoi faire \u00e0 sa petite \u00e9chelle pour se pr\u00e9parer.<\/td><td class=\"column-3\">Entr\u00e9e libre<br \/>\n<br \/>\n35-40 places<\/td>\n<\/tr>\n<tr class=\"row-10\">\n\t<td class=\"column-1\"><strong>Ve 14.09<\/strong> \/ 17h00<\/td><td class=\"column-2\"><strong>Visite comment\u00e9e en duo<\/strong> <br \/>\n<br \/>\nD\u00e9couvrez l\u2019exposition autrement. Regards crois\u00e9s entre science et art.<\/td><td class=\"column-3\">Entr\u00e9e libre<\/td>\n<\/tr>\n<tr class=\"row-11\">\n\t<td class=\"column-1\"><strong>Ve 14.09<\/strong> \/19h00<\/td><td class=\"column-2\"><strong>Table ronde et finissage<\/strong> <br \/>\n<br \/>\nDiscussions entre les diff\u00e9rents acteurs du projet, mod\u00e9r\u00e9es par un intervenant ext\u00e9rieur et bilan de ce projet transdisciplinaire. Il sera int\u00e9ressant de comprendre ce que ces deux mondes si \u00e9loign\u00e9s se seront apport\u00e9 durant cette exp\u00e9rience.<\/td><td class=\"column-3\">Entr\u00e9e libre<\/td>\n<\/tr>\n<tr class=\"row-12\">\n\t<td class=\"column-1\"><\/td><td class=\"column-2\"><\/td><td class=\"column-3\"><\/td>\n<\/tr>\n<tr class=\"row-13\">\n\t<td class=\"column-1\"><\/td><td class=\"column-2\"><\/td><td class=\"column-3\"><\/td>\n<\/tr>\n<\/tbody>\n<\/table>\n<!-- #tablepress-5 from cache -->\n\n<table id=\"tablepress-6\" class=\"tablepress tablepress-id-6\">\n<tbody>\n<tr class=\"row-1\">\n\t<td class=\"column-1\"><a href=\"https:\/\/www.vs.ch\/web\/culture\" rel=\"noopener\" target=\"_blank\"><img src=\"https:\/\/le-cairn.ch\/wp-content\/uploads\/2018\/07\/SC_MusiquePro_200_web.png\" alt=\"\" width=\"100\" height=\"83\" class=\"aligncenter size-full wp-image-164\"\/><\/a><\/td><td class=\"column-2\"><a href=\"http:\/\/www.materiauxplus.ch\" rel=\"noopener\" target=\"_blank\"><img src=\"https:\/\/le-cairn.ch\/wp-content\/uploads\/2018\/07\/Mat\u00e9riauxplus_200_web.png\" alt=\"\" width=\"100\" height=\"50\" class=\"aligncenter size-full wp-image-164\"\/><\/a><\/td><td class=\"column-3\"><a href=\"http:\/\/www.kbm-sa.ch\" rel=\"noopener\" target=\"_blank\"><img src=\"https:\/\/le-cairn.ch\/wp-content\/uploads\/2018\/08\/KBM_200_web.png\" alt=\"\" width=\"100\" height=\"100\" class=\"aligncenter size-full wp-image-164\"\/><\/a><\/td>\n<\/tr>\n<tr class=\"row-2\">\n\t<td class=\"column-1\"><a href=\"https:\/\/www.bourgeoisie-de-sion.ch\/fr\/accueil\/\" rel=\"noopener\" target=\"_blank\"><img src=\"https:\/\/le-cairn.ch\/wp-content\/uploads\/2018\/09\/Bourgeoisie_200.png\" alt=\"\" width=\"100\" height=\"100\" class=\"aligncenter size-full wp-image-164\"\/><\/a><br \/>\n<\/td><td class=\"column-2\"><a href=\"https:\/\/www.loro.ch\/fr\" rel=\"noopener\" target=\"_blank\"><img src=\"https:\/\/le-cairn.ch\/wp-content\/uploads\/2018\/09\/Loterie_orange_200.png\" alt=\"\" width=\"100\" height=\"100\" class=\"aligncenter size-full wp-image-164\"\/><\/a><\/td><td class=\"column-3\"><a href=\"http:\/\/nasca.ch\" rel=\"noopener\" target=\"_blank\"><img src=\"https:\/\/le-cairn.ch\/wp-content\/uploads\/2018\/07\/logo_nasca_200_web.png\" alt=\"\" width=\"100\" height=\"55\" class=\"aligncenter size-full wp-image-164\"\/><\/a><\/td>\n<\/tr>\n<tr class=\"row-3\">\n\t<td class=\"column-1\"><a href=\"https:\/\/yellow.local.ch\/fr\/d\/Uvrier\/1958\/Construction-metallique\/Margelisch-Chabbey-Constructions-Metalliques-SA-Dmytj1MsXusNcSZX-HqAMA\"><img src=\"https:\/\/le-cairn.ch\/wp-content\/uploads\/2018\/07\/logo-Margelisch_200_web.png\" alt=\"\" width=\"100\" height=\"100\" class=\"aligncenter size-full wp-image-164\"\/><\/a><\/td><td class=\"column-2\"><a href=\"http:\/\/www.dvarchitectes.ch\" rel=\"noopener\" target=\"_blank\"><img src=\"https:\/\/le-cairn.ch\/wp-content\/uploads\/2018\/08\/logo_dv__200_web.png\" alt=\"\" width=\"100\" height=\"100\" class=\"aligncenter size-full wp-image-164\"\/><\/a><\/td><td class=\"column-3\"><a href=\"https:\/\/www.sdingenierie.com\/sdingenierie\/\" rel=\"noopener\" target=\"_blank\"><img src=\"https:\/\/le-cairn.ch\/wp-content\/uploads\/2018\/08\/SD_200_web.png\" alt=\"\" width=\"100\" height=\"100\" class=\"aligncenter size-full wp-image-164\"\/><\/a><\/td>\n<\/tr>\n<tr class=\"row-4\">\n\t<td class=\"column-1\"><a href=\"http:\/\/www.fdsa.ch\/Presentation.html\" rel=\"noopener\" target=\"_blank\"><img src=\"https:\/\/le-cairn.ch\/wp-content\/uploads\/2018\/09\/Fardel_200.png\" alt=\"\" width=\"100\" height=\"100\" class=\"aligncenter size-full wp-image-164\"\/><\/a><\/td><td class=\"column-2\"><a href=\"http:\/\/www.norbert-sa.ch\/fr\/geologie-de-lingenieur\/contact\/norbert-martigny.html\"><img src=\"https:\/\/le-cairn.ch\/wp-content\/uploads\/2018\/07\/Norbert_200px_web.png\" alt=\"\" width=\"100\" height=\"100\" class=\"aligncenter size-full wp-image-164\"\/><\/a><\/td><td class=\"column-3\"><a href=\"http:\/\/www.alpgeo.ch\" rel=\"noopener\" target=\"_blank\"><img src=\"https:\/\/le-cairn.ch\/wp-content\/uploads\/2018\/08\/Alpgeo_web.png\" alt=\"\" width=\"100\" height=\"100\" class=\"aligncenter size-full wp-image-164\"\/><\/a><\/td>\n<\/tr>\n<\/tbody>\n<\/table>\n<!-- #tablepress-6 from cache -->\n","protected":false},"excerpt":{"rendered":"","protected":false},"author":2,"featured_media":0,"parent":0,"menu_order":0,"comment_status":"closed","ping_status":"closed","template":"","meta":[],"wf_page_folders":[20],"_links":{"self":[{"href":"https:\/\/le-cairn.ch\/index.php?rest_route=\/wp\/v2\/pages\/417"}],"collection":[{"href":"https:\/\/le-cairn.ch\/index.php?rest_route=\/wp\/v2\/pages"}],"about":[{"href":"https:\/\/le-cairn.ch\/index.php?rest_route=\/wp\/v2\/types\/page"}],"author":[{"embeddable":true,"href":"https:\/\/le-cairn.ch\/index.php?rest_route=\/wp\/v2\/users\/2"}],"replies":[{"embeddable":true,"href":"https:\/\/le-cairn.ch\/index.php?rest_route=%2Fwp%2Fv2%2Fcomments&post=417"}],"version-history":[{"count":4,"href":"https:\/\/le-cairn.ch\/index.php?rest_route=\/wp\/v2\/pages\/417\/revisions"}],"predecessor-version":[{"id":585,"href":"https:\/\/le-cairn.ch\/index.php?rest_route=\/wp\/v2\/pages\/417\/revisions\/585"}],"wp:attachment":[{"href":"https:\/\/le-cairn.ch\/index.php?rest_route=%2Fwp%2Fv2%2Fmedia&parent=417"}],"wp:term":[{"taxonomy":"wf_page_folders","embeddable":true,"href":"https:\/\/le-cairn.ch\/index.php?rest_route=%2Fwp%2Fv2%2Fwf_page_folders&post=417"}],"curies":[{"name":"wp","href":"https:\/\/api.w.org\/{rel}","templated":true}]}}