{"id":604,"date":"2019-04-16T09:32:29","date_gmt":"2019-04-16T09:32:29","guid":{"rendered":"https:\/\/le-cairn.ch\/?page_id=604"},"modified":"2019-08-19T08:38:26","modified_gmt":"2019-08-19T08:38:26","slug":"page-test-galerie-oeuvres","status":"publish","type":"page","link":"https:\/\/le-cairn.ch\/?page_id=604","title":{"rendered":"Oeuvres"},"content":{"rendered":"\n<pre style='font-size:10px'>Final Tiles Gallery id=5 does not exist<\/pre>\n\n\n\n<div class=\"wp-block-button\"><a class=\"wp-block-button__link\" href=\"https:\/\/le-cairn.ch\/?page_id=629\">Retour aux galeries<\/a><\/div>\n\n\n\n<div class=\"wp-block-columns has-2-columns is-layout-flex wp-container-3\">\n<div class=\"wp-block-column is-layout-flow\">\n<p><\/p>\n<\/div>\n\n\n\n<div class=\"wp-block-column is-layout-flow\"><\/div>\n<\/div>\n\n\n\n<div class=\"wp-block-columns has-2-columns is-layout-flex wp-container-6\">\n<div class=\"wp-block-column is-layout-flow\">\n<p><strong>SCIENTIFIQUES<br><\/strong>&#8211; Fabrizio D&#8217;Urso &#8211; Ing\u00e9nieur civil, chef de projet chez <a href=\"https:\/\/www.sdingenierie.com\/sdingenierie\/sdis.aspx\" target=\"_blank\" rel=\"noreferrer noopener\">sd ing\u00e9nierie<br><\/a>&#8211; Jean-Luc Epard &#8211; Sp\u00e9cialiste des Alpes, professeur associ\u00e9 \u00e0 la <a href=\"https:\/\/applicationspub.unil.ch\/interpub\/noauth\/php\/Un\/UnPers.php?PerNum=770251&amp;LanCode=37\" target=\"_blank\" rel=\"noreferrer noopener\">FGSE<br><\/a>&#8211; Gy\u00f6rgy Het\u00e9nyi &#8211; Sismologue, professeur assistant \u00e0 la <a href=\"https:\/\/applicationspub.unil.ch\/interpub\/noauth\/php\/Un\/UnPers.php?PerNum=1173368&amp;LanCode=37\" target=\"_blank\" rel=\"noreferrer noopener\">FGSE<\/a><\/p>\n<\/div>\n\n\n\n<div class=\"wp-block-column is-layout-flow\">\n<p><strong>\ufeffARTISTES<br><\/strong>&#8211; Virgile Elias Gehrig (Virgile Pitteloud) &#8211; <a rel=\"noreferrer noopener\" href=\"https:\/\/agenda.culturevalais.ch\/fr\/artist\/show\/29\" target=\"_blank\">infos<\/a><br>&#8211; Ma\u00eblle Cornut &#8211; <a rel=\"noreferrer noopener\" href=\"https:\/\/www.maellecornut.ch\" target=\"_blank\">infos<\/a><br>&#8211; Laurence Piaget &#8211; <a rel=\"noreferrer noopener\" href=\"https:\/\/matterofchange.org\" target=\"_blank\">infos<\/a><br>&#8211; Fahny Baudin &#8211; <a rel=\"noreferrer noopener\" href=\"https:\/\/www.fahnybaudin.com\" target=\"_blank\">infos<\/a><br>&#8211; Elise Lehec &#8211; <a rel=\"noreferrer noopener\" href=\"https:\/\/www.valeik.com\" target=\"_blank\">infos<\/a><br>&#8211; Katerina Samara &#8211; <a rel=\"noreferrer noopener\" href=\"https:\/\/www.katerinasamara.com\" target=\"_blank\">infos<\/a><br>&#8211; Adrian Fernandez Garcia &#8211; <a rel=\"noreferrer noopener\" href=\"http:\/\/adrianfernandezgarcia.com\" target=\"_blank\">infos<br><\/a>&#8211;&nbsp;Nicolas Elsig &#8211; <a rel=\"noreferrer noopener\" href=\"https:\/\/nelsig.ch\" target=\"_blank\">infos<\/a><br>&#8211;&nbsp;Luis Casanova Sorolla &#8211; <a rel=\"noreferrer noopener\" href=\"https:\/\/www.casanovasorolla.net\" target=\"_blank\">infos<\/a><\/p>\n<\/div>\n<\/div>\n","protected":false},"excerpt":{"rendered":"<p>SCIENTIFIQUES&#8211; Fabrizio D&#8217;Urso &#8211; Ing\u00e9nieur civil, chef de projet chez sd ing\u00e9nierie&#8211; Jean-Luc Epard &#8211; Sp\u00e9cialiste des Alpes, professeur associ\u00e9 \u00e0 la FGSE&#8211; Gy\u00f6rgy Het\u00e9nyi &#8211; Sismologue, professeur assistant \u00e0 la FGSE \ufeffARTISTES&#8211; Virgile Elias Gehrig (Virgile Pitteloud) &#8211; infos&#8211; Ma\u00eblle Cornut &#8211; infos&#8211; Laurence Piaget &#8211; infos&#8211; Fahny Baudin &#8211; infos&#8211; Elise Lehec &#8211; &hellip; <\/p>\n<p class=\"link-more\"><a href=\"https:\/\/le-cairn.ch\/?page_id=604\" class=\"more-link\">Continuer la lecture<span class=\"screen-reader-text\"> de &laquo;&nbsp;Oeuvres&nbsp;&raquo;<\/span><\/a><\/p>\n","protected":false},"author":1,"featured_media":0,"parent":0,"menu_order":0,"comment_status":"closed","ping_status":"closed","template":"","meta":[],"wf_page_folders":[20],"_links":{"self":[{"href":"https:\/\/le-cairn.ch\/index.php?rest_route=\/wp\/v2\/pages\/604"}],"collection":[{"href":"https:\/\/le-cairn.ch\/index.php?rest_route=\/wp\/v2\/pages"}],"about":[{"href":"https:\/\/le-cairn.ch\/index.php?rest_route=\/wp\/v2\/types\/page"}],"author":[{"embeddable":true,"href":"https:\/\/le-cairn.ch\/index.php?rest_route=\/wp\/v2\/users\/1"}],"replies":[{"embeddable":true,"href":"https:\/\/le-cairn.ch\/index.php?rest_route=%2Fwp%2Fv2%2Fcomments&post=604"}],"version-history":[{"count":28,"href":"https:\/\/le-cairn.ch\/index.php?rest_route=\/wp\/v2\/pages\/604\/revisions"}],"predecessor-version":[{"id":776,"href":"https:\/\/le-cairn.ch\/index.php?rest_route=\/wp\/v2\/pages\/604\/revisions\/776"}],"wp:attachment":[{"href":"https:\/\/le-cairn.ch\/index.php?rest_route=%2Fwp%2Fv2%2Fmedia&parent=604"}],"wp:term":[{"taxonomy":"wf_page_folders","embeddable":true,"href":"https:\/\/le-cairn.ch\/index.php?rest_route=%2Fwp%2Fv2%2Fwf_page_folders&post=604"}],"curies":[{"name":"wp","href":"https:\/\/api.w.org\/{rel}","templated":true}]}}