{"id":695,"date":"2019-04-16T14:46:42","date_gmt":"2019-04-16T14:46:42","guid":{"rendered":"https:\/\/le-cairn.ch\/?page_id=695"},"modified":"2019-04-16T14:46:42","modified_gmt":"2019-04-16T14:46:42","slug":"les-evenements","status":"publish","type":"page","link":"https:\/\/le-cairn.ch\/?page_id=695","title":{"rendered":"Les \u00e9v\u00e8nements"},"content":{"rendered":"\n<!-- Final Tiles Grid Gallery for WordPress v3.5.6 free --><style>#ftg-44 .tile .icon { color:#ffffff; }#ftg-44 .ftg-items .loading-bar i { background:#666; }#ftg-44 .ftg-items .loading-bar { background:#fff; }#ftg-44 .tile .icon { font-size:12px; }#ftg-44 .tile .icon { margin: -6px 0 0 -6px; }#ftg-44 .tile .caption-block .text-wrapper span.text { font-size:12px; }#ftg-44 .tile .caption-outside .text-wrapper span.text { font-size:12px; }#ftg-44 .tile .caption-block .text-wrapper span.title { font-size:14px; }#ftg-44 .tile .caption-outside .text-wrapper span.title { font-size:14px; }#ftg-44 .tile { background-color: transparent; }#ftg-44 .tile .caption-block .text-wrapper span.text { color: #ffffff; }#ftg-44 .tile .caption-block .text-wrapper span.title { color: #ffffff; }#ftg-44 .tile .caption-outside .text-wrapper span.text { color: #ffffff; }#ftg-44 .tile .caption-outside .text-wrapper span.title { color: #ffffff; }#ftg-44 .tile .ftg-social a { color: #ffffff; }#ftg-44 .tile .caption-block { transition-timing-function:ease; }#ftg-44 .tile .caption-block { transition-duration:0.25s; }#ftg-44 .tile .tile-inner:before { background-color: #000000; }#ftg-44 .tile .tile-inner:before { background-color: rgba(0, 0, 0, 0.8); }#ftg-44 .tile:hover img {-moz-transform: ;-webkit-transform: ;-o-transform: ;-ms-transform: ;transform: ;}<\/style><a name='4'><\/a><div class='final-tiles-gallery  ftg-hover-enabled caption-inside  caption-none caption-middle caption-center' id='ftg-44' style='width:100%'><div class='ftg-items'><div class='loading-bar'><i><\/i><\/div><div  class='tile ftg-preload  '><a title=\"Lecture de Virgile Elias Gehrig\" data-lightbox='ftg-44' rel='ftg-44'  class=' tile-inner  ftg-lightbox' href='https:\/\/le-cairn.ch\/wp-content\/uploads\/2019\/04\/20180907.virgile_3170-1024x683.jpg' ><img alt='Lecture de Virgile Elias Gehrig' class='item skip-lazy' data-class='item' data-ftg-source='https:\/\/le-cairn.ch\/wp-content\/uploads\/2019\/04\/20180907.virgile_3170-150x150.jpg' src='https:\/\/le-cairn.ch\/wp-content\/uploads\/2019\/04\/20180907.virgile_3170-150x150.jpg' width='150' height='150' \/><div class='caption-block'><div class='text-wrapper'><span class='text'>07.09<\/span><\/div><\/div><\/a><div class='ftg-social'><\/div><\/div><div  class='tile ftg-preload  '><a title=\"Excursion familles\" data-lightbox='ftg-44' rel='ftg-44'  class=' tile-inner  ftg-lightbox' href='https:\/\/le-cairn.ch\/wp-content\/uploads\/2019\/04\/20180908.excursion_DSC1132-1024x683.jpg' ><img alt='Excursion familles' class='item skip-lazy' data-class='item' data-ftg-source='https:\/\/le-cairn.ch\/wp-content\/uploads\/2019\/04\/20180908.excursion_DSC1132-150x150.jpg' src='https:\/\/le-cairn.ch\/wp-content\/uploads\/2019\/04\/20180908.excursion_DSC1132-150x150.jpg' width='150' height='150' \/><div class='caption-block'><div class='text-wrapper'><span class='text'>08.09<\/span><\/div><\/div><\/a><div class='ftg-social'><\/div><\/div><div  class='tile ftg-preload  '><a title=\"Excursion familles\" data-lightbox='ftg-44' rel='ftg-44'  class=' tile-inner  ftg-lightbox' href='https:\/\/le-cairn.ch\/wp-content\/uploads\/2019\/04\/20180908.excursion_DSC1148-1024x683.jpg' ><img alt='Excursion familles' class='item skip-lazy' data-class='item' data-ftg-source='https:\/\/le-cairn.ch\/wp-content\/uploads\/2019\/04\/20180908.excursion_DSC1148-150x150.jpg' src='https:\/\/le-cairn.ch\/wp-content\/uploads\/2019\/04\/20180908.excursion_DSC1148-150x150.jpg' width='150' height='150' \/><div class='caption-block'><div class='text-wrapper'><span class='text'>08.09<\/span><\/div><\/div><\/a><div class='ftg-social'><\/div><\/div><div  class='tile ftg-preload  '><a title=\"Concert Val\u00e9ik\" data-lightbox='ftg-44' rel='ftg-44'  class=' tile-inner  ftg-lightbox' href='https:\/\/le-cairn.ch\/wp-content\/uploads\/2019\/04\/20180908.val\u00e9ik_DSC1177-1024x683.jpg' ><img alt='Concert Val\u00e9ik' class='item skip-lazy' data-class='item' data-ftg-source='https:\/\/le-cairn.ch\/wp-content\/uploads\/2019\/04\/20180908.val\u00e9ik_DSC1177-150x150.jpg' src='https:\/\/le-cairn.ch\/wp-content\/uploads\/2019\/04\/20180908.val\u00e9ik_DSC1177-150x150.jpg' width='150' height='150' \/><div class='caption-block'><div class='text-wrapper'><span class='text'>08.09<\/span><\/div><\/div><\/a><div class='ftg-social'><\/div><\/div><div  class='tile ftg-preload  '><a title=\"Concert Val\u00e9ik\" data-lightbox='ftg-44' rel='ftg-44'  class=' tile-inner  ftg-lightbox' href='https:\/\/le-cairn.ch\/wp-content\/uploads\/2019\/04\/20180908.val\u00e9ik_DSC1172-1024x683.jpg' ><img alt='Concert Val\u00e9ik' class='item skip-lazy' data-class='item' data-ftg-source='https:\/\/le-cairn.ch\/wp-content\/uploads\/2019\/04\/20180908.val\u00e9ik_DSC1172-150x150.jpg' src='https:\/\/le-cairn.ch\/wp-content\/uploads\/2019\/04\/20180908.val\u00e9ik_DSC1172-150x150.jpg' width='150' height='150' \/><div class='caption-block'><div class='text-wrapper'><span class='text'>08.09<\/span><\/div><\/div><\/a><div class='ftg-social'><\/div><\/div><div  class='tile ftg-preload  '><a title=\"Brunch &amp; conte\" data-lightbox='ftg-44' rel='ftg-44'  class=' tile-inner  ftg-lightbox' href='https:\/\/le-cairn.ch\/wp-content\/uploads\/2019\/04\/20180909.brunch_DSC1185-1024x683.jpg' ><img alt='Brunch &amp; conte' class='item skip-lazy' data-class='item' data-ftg-source='https:\/\/le-cairn.ch\/wp-content\/uploads\/2019\/04\/20180909.brunch_DSC1185-150x150.jpg' src='https:\/\/le-cairn.ch\/wp-content\/uploads\/2019\/04\/20180909.brunch_DSC1185-150x150.jpg' width='150' height='150' \/><div class='caption-block'><div class='text-wrapper'><span class='text'>09.09<\/span><\/div><\/div><\/a><div class='ftg-social'><\/div><\/div><div  class='tile ftg-preload  '><a title=\"Brunch &amp; conte\" data-lightbox='ftg-44' rel='ftg-44'  class=' tile-inner  ftg-lightbox' href='https:\/\/le-cairn.ch\/wp-content\/uploads\/2019\/04\/20180909.brunch_DSC1184-1024x683.jpg' ><img alt='Brunch &amp; conte' class='item skip-lazy' data-class='item' data-ftg-source='https:\/\/le-cairn.ch\/wp-content\/uploads\/2019\/04\/20180909.brunch_DSC1184-150x150.jpg' src='https:\/\/le-cairn.ch\/wp-content\/uploads\/2019\/04\/20180909.brunch_DSC1184-150x150.jpg' width='150' height='150' \/><div class='caption-block'><div class='text-wrapper'><span class='text'>09.09<\/span><\/div><\/div><\/a><div class='ftg-social'><\/div><\/div><div  class='tile ftg-preload  '><a title=\"Conf\u00e9rence - S\u00e9ismes et infrastructures - KBM\" data-lightbox='ftg-44' rel='ftg-44'  class=' tile-inner  ftg-lightbox' href='https:\/\/le-cairn.ch\/wp-content\/uploads\/2019\/04\/20180910.ing\u00e9nieur_DSC1186-1024x683.jpg' ><img alt='Conf\u00e9rence - S\u00e9ismes et infrastructures - KBM' class='item skip-lazy' data-class='item' data-ftg-source='https:\/\/le-cairn.ch\/wp-content\/uploads\/2019\/04\/20180910.ing\u00e9nieur_DSC1186-150x150.jpg' src='https:\/\/le-cairn.ch\/wp-content\/uploads\/2019\/04\/20180910.ing\u00e9nieur_DSC1186-150x150.jpg' width='150' height='150' \/><div class='caption-block'><div class='text-wrapper'><span class='text'>10.09<\/span><\/div><\/div><\/a><div class='ftg-social'><\/div><\/div><div  class='tile ftg-preload  '><a title=\"Conf\u00e9rence ing\u00e9nieur - KBM\" data-lightbox='ftg-44' rel='ftg-44'  class=' tile-inner  ftg-lightbox' href='https:\/\/le-cairn.ch\/wp-content\/uploads\/2019\/04\/20180910.ing\u00e9nieur_DSC1187-1024x683.jpg' ><img alt='Conf\u00e9rence ing\u00e9nieur - KBM' class='item skip-lazy' data-class='item' data-ftg-source='https:\/\/le-cairn.ch\/wp-content\/uploads\/2019\/04\/20180910.ing\u00e9nieur_DSC1187-150x150.jpg' src='https:\/\/le-cairn.ch\/wp-content\/uploads\/2019\/04\/20180910.ing\u00e9nieur_DSC1187-150x150.jpg' width='150' height='150' \/><div class='caption-block'><div class='text-wrapper'><span class='text'>10.09<\/span><\/div><\/div><\/a><div class='ftg-social'><\/div><\/div><div  class='tile ftg-preload  '><a title=\"Conf\u00e9rence - Contraintes parasismiques et architecture - GayMenzel\" data-lightbox='ftg-44' rel='ftg-44'  class=' tile-inner  ftg-lightbox' href='https:\/\/le-cairn.ch\/wp-content\/uploads\/2019\/04\/20180911.architecte_DSC1195-1024x683.jpg' ><img alt='Conf\u00e9rence - Contraintes parasismiques et architecture - GayMenzel' class='item skip-lazy' data-class='item' data-ftg-source='https:\/\/le-cairn.ch\/wp-content\/uploads\/2019\/04\/20180911.architecte_DSC1195-150x150.jpg' src='https:\/\/le-cairn.ch\/wp-content\/uploads\/2019\/04\/20180911.architecte_DSC1195-150x150.jpg' width='150' height='150' \/><div class='caption-block'><div class='text-wrapper'><span class='text'>11.09<\/span><\/div><\/div><\/a><div class='ftg-social'><\/div><\/div><div  class='tile ftg-preload  '><a title=\"Conf\u00e9rence - Contraintes parasismiques et architecture - GayMenzel\" data-lightbox='ftg-44' rel='ftg-44'  class=' tile-inner  ftg-lightbox' href='https:\/\/le-cairn.ch\/wp-content\/uploads\/2019\/04\/20180911.architecte_DSC1199-1024x683.jpg' ><img alt='Conf\u00e9rence - Contraintes parasismiques et architecture - GayMenzel' class='item skip-lazy' data-class='item' data-ftg-source='https:\/\/le-cairn.ch\/wp-content\/uploads\/2019\/04\/20180911.architecte_DSC1199-150x150.jpg' src='https:\/\/le-cairn.ch\/wp-content\/uploads\/2019\/04\/20180911.architecte_DSC1199-150x150.jpg' width='150' height='150' \/><div class='caption-block'><div class='text-wrapper'><span class='text'>11.09<\/span><\/div><\/div><\/a><div class='ftg-social'><\/div><\/div><div  class='tile ftg-preload  '><a title=\"Visite comment\u00e9e en duo\" data-lightbox='ftg-44' rel='ftg-44'  class=' tile-inner  ftg-lightbox' href='https:\/\/le-cairn.ch\/wp-content\/uploads\/2019\/04\/20180914.duo_DSC1302-1024x683.jpg' ><img alt='Visite comment\u00e9e en duo' class='item skip-lazy' data-class='item' data-ftg-source='https:\/\/le-cairn.ch\/wp-content\/uploads\/2019\/04\/20180914.duo_DSC1302-150x150.jpg' src='https:\/\/le-cairn.ch\/wp-content\/uploads\/2019\/04\/20180914.duo_DSC1302-150x150.jpg' width='150' height='150' \/><div class='caption-block'><div class='text-wrapper'><span class='text'>14.09<\/span><\/div><\/div><\/a><div class='ftg-social'><\/div><\/div><div  class='tile ftg-preload  '><a title=\"Visite comment\u00e9e en duo\" data-lightbox='ftg-44' rel='ftg-44'  class=' tile-inner  ftg-lightbox' href='https:\/\/le-cairn.ch\/wp-content\/uploads\/2019\/04\/20180914.duo_DSC1297-1024x683.jpg' ><img alt='Visite comment\u00e9e en duo' class='item skip-lazy' data-class='item' data-ftg-source='https:\/\/le-cairn.ch\/wp-content\/uploads\/2019\/04\/20180914.duo_DSC1297-150x150.jpg' src='https:\/\/le-cairn.ch\/wp-content\/uploads\/2019\/04\/20180914.duo_DSC1297-150x150.jpg' width='150' height='150' \/><div class='caption-block'><div class='text-wrapper'><span class='text'>14.09<\/span><\/div><\/div><\/a><div class='ftg-social'><\/div><\/div><div  class='tile ftg-preload  '><a title=\"Table ronde\" data-lightbox='ftg-44' rel='ftg-44'  class=' tile-inner  ftg-lightbox' href='https:\/\/le-cairn.ch\/wp-content\/uploads\/2019\/04\/20180914.table-ronde_DSC1306-1024x683.jpg' ><img alt='Table ronde' class='item skip-lazy' data-class='item' data-ftg-source='https:\/\/le-cairn.ch\/wp-content\/uploads\/2019\/04\/20180914.table-ronde_DSC1306-150x150.jpg' src='https:\/\/le-cairn.ch\/wp-content\/uploads\/2019\/04\/20180914.table-ronde_DSC1306-150x150.jpg' width='150' height='150' \/><div class='caption-block'><div class='text-wrapper'><span class='text'>14.09<\/span><\/div><\/div><\/a><div class='ftg-social'><\/div><\/div><div  class='tile ftg-preload  '><a title=\"Table ronde\" data-lightbox='ftg-44' rel='ftg-44'  class=' tile-inner  ftg-lightbox' href='https:\/\/le-cairn.ch\/wp-content\/uploads\/2019\/04\/20180914.table-ronde_DSC1312-1024x683.jpg' ><img alt='Table ronde' class='item skip-lazy' data-class='item' data-ftg-source='https:\/\/le-cairn.ch\/wp-content\/uploads\/2019\/04\/20180914.table-ronde_DSC1312-150x150.jpg' src='https:\/\/le-cairn.ch\/wp-content\/uploads\/2019\/04\/20180914.table-ronde_DSC1312-150x150.jpg' width='150' height='150' \/><div class='caption-block'><div class='text-wrapper'><span class='text'>14.09<\/span><\/div><\/div><\/a><div class='ftg-social'><\/div><\/div><div  class='tile ftg-preload  '><a title=\"Finissage\" data-lightbox='ftg-44' rel='ftg-44'  class=' tile-inner  ftg-lightbox' href='https:\/\/le-cairn.ch\/wp-content\/uploads\/2019\/04\/20180914.finissage_DSC1331-1024x683.jpg' ><img alt='Finissage' class='item skip-lazy' data-class='item' data-ftg-source='https:\/\/le-cairn.ch\/wp-content\/uploads\/2019\/04\/20180914.finissage_DSC1331-150x150.jpg' src='https:\/\/le-cairn.ch\/wp-content\/uploads\/2019\/04\/20180914.finissage_DSC1331-150x150.jpg' width='150' height='150' \/><div class='caption-block'><div class='text-wrapper'><span class='text'>14.09<\/span><\/div><\/div><\/a><div class='ftg-social'><\/div><\/div><div  class='tile ftg-preload  '><a title=\"Finissage\" data-lightbox='ftg-44' rel='ftg-44'  class=' tile-inner  ftg-lightbox' href='https:\/\/le-cairn.ch\/wp-content\/uploads\/2019\/04\/20180914.finissage_DSC1336-1024x683.jpg' ><img alt='Finissage' class='item skip-lazy' data-class='item' data-ftg-source='https:\/\/le-cairn.ch\/wp-content\/uploads\/2019\/04\/20180914.finissage_DSC1336-150x150.jpg' src='https:\/\/le-cairn.ch\/wp-content\/uploads\/2019\/04\/20180914.finissage_DSC1336-150x150.jpg' width='150' height='150' \/><div class='caption-block'><div class='text-wrapper'><span class='text'>14.09<\/span><\/div><\/div><\/a><div class='ftg-social'><\/div><\/div><\/div><\/div><script type='text\/javascript'>jQuery('#ftg-44 img.item').removeAttr('src');jQuery(document).ready(function () {setTimeout(function () {jQuery('#ftg-44').finalTilesGallery({minTileWidth: 50,margin: 3,loadMethod: 'sequential',nonce: 'a7af801507',galleryId: '4',setupFilters: true,layout: 'columns',debug: false,gridSize: 28,disableGridSizeBelow:800,allowEnlargement: true,columns: [[4000, 6],[1024, 4],[800, 3],[480, 3],[320, 2]],selectedFilter: 'n-a'});jQuery(function () {(function () {var rel = '';jQuery('#ftg-44 .ftg-lightbox').click(function (e) {rel = jQuery(this).attr('rel');jQuery('#ftg-44 .ftg-current').removeClass('ftg-current');jQuery('#ftg-44 [rel=\"'+rel+'\"]').addClass('ftg-current');});})();});}, 0);});<\/script>\n\n\n\n<div class=\"wp-block-button\"><a class=\"wp-block-button__link\" href=\"https:\/\/le-cairn.ch\/?page_id=629\">Retour aux galeries<\/a><\/div>\n","protected":false},"excerpt":{"rendered":"","protected":false},"author":1,"featured_media":0,"parent":0,"menu_order":0,"comment_status":"closed","ping_status":"closed","template":"","meta":[],"wf_page_folders":[20],"_links":{"self":[{"href":"https:\/\/le-cairn.ch\/index.php?rest_route=\/wp\/v2\/pages\/695"}],"collection":[{"href":"https:\/\/le-cairn.ch\/index.php?rest_route=\/wp\/v2\/pages"}],"about":[{"href":"https:\/\/le-cairn.ch\/index.php?rest_route=\/wp\/v2\/types\/page"}],"author":[{"embeddable":true,"href":"https:\/\/le-cairn.ch\/index.php?rest_route=\/wp\/v2\/users\/1"}],"replies":[{"embeddable":true,"href":"https:\/\/le-cairn.ch\/index.php?rest_route=%2Fwp%2Fv2%2Fcomments&post=695"}],"version-history":[{"count":2,"href":"https:\/\/le-cairn.ch\/index.php?rest_route=\/wp\/v2\/pages\/695\/revisions"}],"predecessor-version":[{"id":1005,"href":"https:\/\/le-cairn.ch\/index.php?rest_route=\/wp\/v2\/pages\/695\/revisions\/1005"}],"wp:attachment":[{"href":"https:\/\/le-cairn.ch\/index.php?rest_route=%2Fwp%2Fv2%2Fmedia&parent=695"}],"wp:term":[{"taxonomy":"wf_page_folders","embeddable":true,"href":"https:\/\/le-cairn.ch\/index.php?rest_route=%2Fwp%2Fv2%2Fwf_page_folders&post=695"}],"curies":[{"name":"wp","href":"https:\/\/api.w.org\/{rel}","templated":true}]}}