{"id":849,"date":"2020-10-26T18:17:56","date_gmt":"2020-10-26T18:17:56","guid":{"rendered":"https:\/\/le-cairn.ch\/?page_id=849"},"modified":"2023-10-23T09:42:18","modified_gmt":"2023-10-23T09:42:18","slug":"le-comite-2020","status":"publish","type":"page","link":"https:\/\/le-cairn.ch\/?page_id=849","title":{"rendered":"Le comit\u00e9"},"content":{"rendered":"\n<div class=\"wp-block-group alignwide is-layout-flow\"><div class=\"wp-block-group__inner-container\">\n<figure class=\"wp-block-image size-large\"><img decoding=\"async\" loading=\"lazy\" width=\"1024\" height=\"285\" src=\"https:\/\/le-cairn.ch\/wp-content\/uploads\/2019\/11\/20191121_Le_livre_web-1024x285.jpg\" alt=\"\" class=\"wp-image-815\" srcset=\"https:\/\/le-cairn.ch\/wp-content\/uploads\/2019\/11\/20191121_Le_livre_web-1024x285.jpg 1024w, https:\/\/le-cairn.ch\/wp-content\/uploads\/2019\/11\/20191121_Le_livre_web-300x83.jpg 300w, https:\/\/le-cairn.ch\/wp-content\/uploads\/2019\/11\/20191121_Le_livre_web-768x214.jpg 768w, https:\/\/le-cairn.ch\/wp-content\/uploads\/2019\/11\/20191121_Le_livre_web.jpg 1431w\" sizes=\"(max-width: 767px) 89vw, (max-width: 1000px) 54vw, (max-width: 1071px) 543px, 580px\" \/><\/figure>\n\n\n\n<p><img decoding=\"async\" loading=\"lazy\" class=\"size-full wp-image-798 alignleft\" src=\"https:\/\/le-cairn.ch\/wp-content\/uploads\/2019\/09\/Isabelle_NB_web.jpg\" alt=\"\" width=\"100\" height=\"100\"><strong>Isabelle Dirren<\/strong><br>co-pr\u00e9sidente de l&#8217;association<br><a href=\"mailto:isabelle.dirren@icloud.com?subject=Contact depuis Le Cairn\">e-mail<\/a><br>membre depuis : 2017<\/p>\n<p>Psychologue de formation de base, Isabelle cr\u00e9e dans les ann\u00e9es 80 une association pour la r\u00e9insertion professionnelle des femmes. D\u00e8s lors, elle fait de la formation d\u2019adultes dans les domaines de la communication, de la p\u00e9dagogie, de la r\u00e9solution de conflit. En 2008, elle suit une formation professionnelle d\u2019animatrice d\u2019ateliers d\u2019\u00e9criture, et se consacre r\u00e9guli\u00e8rement \u00e0 cette activit\u00e9 depuis 8 ans. En 2017, elle \u00e9dite un livre de po\u00e8mes, en coop\u00e9ration avec un photographe, et participe \u00e0 la constitution de l\u2019association le Cairn.<\/p>\n\n\n\n<p><img decoding=\"async\" loading=\"lazy\" class=\"wp-image-799 size-full alignleft\" src=\"https:\/\/le-cairn.ch\/wp-content\/uploads\/2019\/09\/Mathias_NB_web.jpg\" alt=\"\" width=\"100\" height=\"100\" \/><strong>Mathias Dessimoz<\/strong><br \/>co-pr\u00e9sident de l&#8217;association<br \/><a href=\"mailto:mathias.dessimoz@mo-ma.ch?subject=Contact depuis Le Cairn\">e-mail<\/a><br \/>membre depuis : 2017<\/p>\n<p>Mathias Dessimoz a vu le jour le 4 octobre 1978 \u00e0 Conthey. Apr\u00e8s des \u00e9tudes en sciences de la terre \u00e0 l&#8217;Universit\u00e9 de Lausanne, ponctu\u00e9e d&#8217;un doctorat, Mathias retrouve les bancs d&#8217;\u00e9cole \u00e0 l&#8217;EPAC de Saxon. Artiste polyvalent, il s&#8217;int\u00e9resse particuli\u00e8rement \u00e0 la bande dessin\u00e9e, l&#8217;animation et \u00e0 la vulgarisation des disciplines scientifiques au travers des arts visuels.<\/p>\n\n\n\n<p><img decoding=\"async\" loading=\"lazy\" class=\"wp-image-848 size-full alignleft\" src=\"https:\/\/le-cairn.ch\/wp-content\/uploads\/2020\/10\/Gregoire_NB_web.jpg\" alt=\"\" width=\"100\" height=\"100\"><span style=\"font-weight: 600;\">Gr\u00e9goire Fumeaux<\/span><br>graphiste&nbsp;<br><a href=\"mailto:g.fumeaux@c210.ch\">e-mail<\/a><br>membre depuis : 2020<\/p>\n<p>Graphiste de formation et peintre autodidacte, il est aussi un des pionniers du graffiti en Valais et&nbsp;\u00e9volue dans ce milieu au sein de son collectif &#8220;ADP&#8221; (Artistes De Pacotille).&nbsp;En parall\u00e8le, il pratique la peinture sur toile, en utilisant principalement la technique du pochoir et celle du collage.&nbsp;&nbsp;Il puise son inspiration dans le monde des comics, de l&#8217;esprit punk et du dada\u00efsme.&nbsp;Ayant d\u00e9j\u00e0 quelques expos \u00e0 son actif, il a notamment vu ses \u0153uvres accroch\u00e9es \u00e0 la c\u00e9l\u00e8bre Speerstra Gallery.&nbsp;Toujours \u00e0 la recherche de nouveaux d\u00e9fis, c&#8217;est donc tout naturellement qu&#8217;il a rejoint l&#8217;\u00e9quipe du Cairn.<\/p>\n<\/div><\/div>\n\n\n\n<p><a href=\"https:\/\/le-cairn.ch\/?page_id=869\" data-type=\"page\" data-id=\"869\">Les anciens membres du comit\u00e9<\/a><\/p>\n","protected":false},"excerpt":{"rendered":"<p>Isabelle Dirrenco-pr\u00e9sidente de l&#8217;associatione-mailmembre depuis : 2017 Psychologue de formation de base, Isabelle cr\u00e9e dans les ann\u00e9es 80 une association pour la r\u00e9insertion professionnelle des femmes. D\u00e8s lors, elle fait de la formation d\u2019adultes dans les domaines de la communication, de la p\u00e9dagogie, de la r\u00e9solution de conflit. En 2008, elle suit une formation professionnelle &hellip; <\/p>\n<p class=\"link-more\"><a href=\"https:\/\/le-cairn.ch\/?page_id=849\" class=\"more-link\">Continuer la lecture<span class=\"screen-reader-text\"> de &laquo;&nbsp;Le comit\u00e9&nbsp;&raquo;<\/span><\/a><\/p>\n","protected":false},"author":1,"featured_media":0,"parent":0,"menu_order":0,"comment_status":"closed","ping_status":"closed","template":"","meta":[],"wf_page_folders":[22],"_links":{"self":[{"href":"https:\/\/le-cairn.ch\/index.php?rest_route=\/wp\/v2\/pages\/849"}],"collection":[{"href":"https:\/\/le-cairn.ch\/index.php?rest_route=\/wp\/v2\/pages"}],"about":[{"href":"https:\/\/le-cairn.ch\/index.php?rest_route=\/wp\/v2\/types\/page"}],"author":[{"embeddable":true,"href":"https:\/\/le-cairn.ch\/index.php?rest_route=\/wp\/v2\/users\/1"}],"replies":[{"embeddable":true,"href":"https:\/\/le-cairn.ch\/index.php?rest_route=%2Fwp%2Fv2%2Fcomments&post=849"}],"version-history":[{"count":23,"href":"https:\/\/le-cairn.ch\/index.php?rest_route=\/wp\/v2\/pages\/849\/revisions"}],"predecessor-version":[{"id":1405,"href":"https:\/\/le-cairn.ch\/index.php?rest_route=\/wp\/v2\/pages\/849\/revisions\/1405"}],"wp:attachment":[{"href":"https:\/\/le-cairn.ch\/index.php?rest_route=%2Fwp%2Fv2%2Fmedia&parent=849"}],"wp:term":[{"taxonomy":"wf_page_folders","embeddable":true,"href":"https:\/\/le-cairn.ch\/index.php?rest_route=%2Fwp%2Fv2%2Fwf_page_folders&post=849"}],"curies":[{"name":"wp","href":"https:\/\/api.w.org\/{rel}","templated":true}]}}