{"id":869,"date":"2020-10-26T20:41:31","date_gmt":"2020-10-26T20:41:31","guid":{"rendered":"https:\/\/le-cairn.ch\/?page_id=869"},"modified":"2023-10-23T09:42:25","modified_gmt":"2023-10-23T09:42:25","slug":"les-anciens-du-comite","status":"publish","type":"page","link":"https:\/\/le-cairn.ch\/?page_id=869","title":{"rendered":"Les anciens du comit\u00e9"},"content":{"rendered":"\n<h2 class=\"wp-block-heading has-text-align-right has-large-font-size\"><strong>\u00ab<\/strong><em> <\/em><strong><em>S&#8217;associer \u00e0 un fou est une tyrannie pour l&#8217;\u00e2me.<\/em> \u00bb<\/strong><\/h2>\n\n\n\n<p class=\"has-text-align-right has-small-font-size\">Hazrat Ali | Calife musulman | N\u00e9 \u00e0 La Mecque en 599<\/p>\n\n\n\n<div style=\"height:60px\" aria-hidden=\"true\" class=\"wp-block-spacer\"><\/div>\n\n\n<p><img decoding=\"async\" loading=\"lazy\" class=\"wp-image-792  alignleft\" src=\"https:\/\/le-cairn.ch\/wp-content\/uploads\/2019\/09\/Amelie_NB_web.jpg\" alt=\"\" width=\"75\" height=\"75\"><strong>Am\u00e9lie Roux Dermaku<br><\/strong>ex-pr\u00e9sidente de l&#8217;association<br>2017 &#8211; 2020<\/p>\n<p>Si l&#8217;association a vu le jour, c&#8217;est principalement gr\u00e2ce \u00e0 Am\u00e9lie. Son entrain et son \u00e9nergie l&#8217;ont pouss\u00e9e \u00e0 s&#8217;entourer de gens pour cr\u00e9er Le Cairn. En l&#8217;espace de 3 ans, elle a su insuffler aux autres membres du comit\u00e9 une motivation &#8220;sans faille&#8221;.<br>Le comit\u00e9 est tr\u00e8s fier d&#8217;avoir la garde de &#8220;son b\u00e9b\u00e9&#8221; et se r\u00e9jouit de convier son ex-pr\u00e9sidente, mais surtout son amie, lors de nos prochains \u00e9v\u00e8nements.<\/p>\n<p><\/p>\n<p><img decoding=\"async\" loading=\"lazy\" class=\"alignleft wp-image-801\" src=\"https:\/\/le-cairn.ch\/wp-content\/uploads\/2019\/09\/Pauline_NB_web.jpg\" alt=\"\" width=\"75\" height=\"75\"><strong>Pauline&nbsp;<\/strong><span style=\"font-weight: 600;\">Bertin<\/span><br>architecte&nbsp;<br>2019 &#8211; 2020<\/p>\n<p>C&#8217;est avec beaucoup de motivation et de joie de vivre que Pauline a apport\u00e9 son aide au comit\u00e9 dans le courant de l&#8217;ann\u00e9e 2019. Elle nous quitte, le coeur lourd, mais n&#8217;h\u00e9sitera pas \u00e0 venir nous donner un coup de main en cas de besoin.<br>Le comit\u00e9 souhaite bon vent \u00e0 Pauline pour ses nombreux nouveaux projets.<\/p>\n<p><\/p>\n<p><img decoding=\"async\" loading=\"lazy\" class=\"wp-image-796 size-full alignleft\" src=\"https:\/\/le-cairn.ch\/wp-content\/uploads\/2019\/09\/Anna_NB_web.jpg\" alt=\"\" width=\"100\" height=\"100\"><span style=\"font-weight: 600;\">Anna Martins<\/span><br>illustratrice et assistante de direction chez G\u00e9oval SA<br><a href=\"mailto:anna0dada@gmail.com\">e-mail<\/a><br>membre depuis : 2019<\/p>\n<p>S\u00e9dunoise d\u2019origine, Anna se forme \u00e0 l\u2019illustration et au m\u00e9tier de libraire en Belgique. Elle revient s\u2019\u00e9tablir en Valais en 2015 et s\u2019investit dans plusieurs associations culturelles et artistiques, telles que Pro Forma ou le Cairn.&nbsp;<\/p>\n<p><img decoding=\"async\" loading=\"lazy\" class=\"wp-image-797 size-full alignleft\" src=\"https:\/\/le-cairn.ch\/wp-content\/uploads\/2019\/09\/Carine_NB_web.jpg\" alt=\"\" width=\"100\" height=\"100\"><strong>Carine Corvaglia Moreillon<\/strong><br>\u00e9conomiste d&#8217;entreprise HES<br><a href=\"mailto:carine.moreillon@gmail.com?subject=Contact depuis Le Cairn\">e-mail<\/a><br>membre depuis : 2017<\/p>\n<p>Apr\u00e8s une formation d\u2019\u00e9conomiste d\u2019entreprise r\u00e9alis\u00e9e \u00e0 L\u2019\u00c9cole H\u00f4teli\u00e8re de Lausanne, Carine se sp\u00e9cialise dans le conseil financier. Adepte des voyages et attir\u00e9e par la diversit\u00e9 culturelle, sa carri\u00e8re prend un virage en 2017 pour s\u2019orienter vers le conseil en s\u00e9jours linguistiques. Convaincue de l\u2019importance de la richesse artistique de notre r\u00e9gion, elle int\u00e8gre sans h\u00e9siter le comit\u00e9 du Cairn lors de sa fondation.<\/p>\n<p><img decoding=\"async\" loading=\"lazy\" class=\"wp-image-800 size-full alignleft\" src=\"https:\/\/le-cairn.ch\/wp-content\/uploads\/2019\/09\/Paride_NB_web.jpg\" alt=\"\" width=\"100\" height=\"100\"><strong>Paride Corvaglia<\/strong><br>architecte HES \u00e0 Sion<br><a href=\"mailto:info@cparide.ch?subject=Contact depuis Le Cairn\">e-mail<\/a><br>membre depuis : 2017<\/p>\n<p>Paride obtient son dipl\u00f4me d&#8217;architecte en 2005 aupr\u00e8s de la HES de Fribourg et exerce dans diff\u00e9rents bureau du Valais central. Il pratique la photographie en hobby et organise diverses expositions. Actif dans le milieu culturel, il s&#8217;investit \u00e9galement pour la mobilit\u00e9 douce et le v\u00e9lo en particulier. En 2016, il est approch\u00e9 par Am\u00e9lie afin de prendre part \u00e0 ce nouveau projet chronophage et motivant &#8230;<\/p>\n\n\n<p><\/p>\n","protected":false},"excerpt":{"rendered":"<p>\u00ab S&#8217;associer \u00e0 un fou est une tyrannie pour l&#8217;\u00e2me. \u00bb Hazrat Ali | Calife musulman | N\u00e9 \u00e0 La Mecque en 599 Am\u00e9lie Roux Dermakuex-pr\u00e9sidente de l&#8217;association2017 &#8211; 2020 Si l&#8217;association a vu le jour, c&#8217;est principalement gr\u00e2ce \u00e0 Am\u00e9lie. Son entrain et son \u00e9nergie l&#8217;ont pouss\u00e9e \u00e0 s&#8217;entourer de gens pour cr\u00e9er Le &hellip; <\/p>\n<p class=\"link-more\"><a href=\"https:\/\/le-cairn.ch\/?page_id=869\" class=\"more-link\">Continuer la lecture<span class=\"screen-reader-text\"> de &laquo;&nbsp;Les anciens du comit\u00e9&nbsp;&raquo;<\/span><\/a><\/p>\n","protected":false},"author":1,"featured_media":0,"parent":0,"menu_order":0,"comment_status":"closed","ping_status":"closed","template":"","meta":[],"wf_page_folders":[22],"_links":{"self":[{"href":"https:\/\/le-cairn.ch\/index.php?rest_route=\/wp\/v2\/pages\/869"}],"collection":[{"href":"https:\/\/le-cairn.ch\/index.php?rest_route=\/wp\/v2\/pages"}],"about":[{"href":"https:\/\/le-cairn.ch\/index.php?rest_route=\/wp\/v2\/types\/page"}],"author":[{"embeddable":true,"href":"https:\/\/le-cairn.ch\/index.php?rest_route=\/wp\/v2\/users\/1"}],"replies":[{"embeddable":true,"href":"https:\/\/le-cairn.ch\/index.php?rest_route=%2Fwp%2Fv2%2Fcomments&post=869"}],"version-history":[{"count":24,"href":"https:\/\/le-cairn.ch\/index.php?rest_route=\/wp\/v2\/pages\/869\/revisions"}],"predecessor-version":[{"id":1404,"href":"https:\/\/le-cairn.ch\/index.php?rest_route=\/wp\/v2\/pages\/869\/revisions\/1404"}],"wp:attachment":[{"href":"https:\/\/le-cairn.ch\/index.php?rest_route=%2Fwp%2Fv2%2Fmedia&parent=869"}],"wp:term":[{"taxonomy":"wf_page_folders","embeddable":true,"href":"https:\/\/le-cairn.ch\/index.php?rest_route=%2Fwp%2Fv2%2Fwf_page_folders&post=869"}],"curies":[{"name":"wp","href":"https:\/\/api.w.org\/{rel}","templated":true}]}}