{"id":905,"date":"2020-10-26T21:32:55","date_gmt":"2020-10-26T21:32:55","guid":{"rendered":"https:\/\/le-cairn.ch\/?page_id=905"},"modified":"2023-10-23T09:19:28","modified_gmt":"2023-10-23T09:19:28","slug":"2022-exposition-sion-passe-present-futur","status":"publish","type":"page","link":"https:\/\/le-cairn.ch\/?page_id=905","title":{"rendered":"Exposition 2022 : Sion, quo vadis?"},"content":{"rendered":"<div id=\"s201_slides-1-1\" class=\"s201_slides s201_slides-1\" data-s201=\"{&quot;vertical&quot;:0,&quot;sliding_behavior&quot;:&quot;drag&quot;}\">\r\n\t\t<div class=\"s201_holder s201_slide_active\" data-part=\"holder\">\r\n\t\t\t<img src=\"https:\/\/le-cairn.ch\/wp-content\/uploads\/2020\/10\/2018_map.jpg\" srcset=\"https:\/\/le-cairn.ch\/wp-content\/uploads\/2020\/10\/2018_map-300x212.jpg 300w, https:\/\/le-cairn.ch\/wp-content\/uploads\/2020\/10\/2018_map-768x542.jpg 768w, https:\/\/le-cairn.ch\/wp-content\/uploads\/2020\/10\/2018_map.jpg 800w\" sizes=\"(max-width: 800px) 100vw, 800px\" alt=\"Sion 2018\" class=\"s201_img_holder s201_noselect\"\/><div class=\"s201_item_img s201_noselect\"><div class=\"s201_overlay_img\" style=\"background-image:url('https:\/\/le-cairn.ch\/wp-content\/uploads\/2020\/10\/2018_map.jpg')\"><img src=\"https:\/\/le-cairn.ch\/wp-content\/uploads\/2020\/10\/2018_map.jpg\" srcset=\"https:\/\/le-cairn.ch\/wp-content\/uploads\/2020\/10\/2018_map-300x212.jpg 300w, https:\/\/le-cairn.ch\/wp-content\/uploads\/2020\/10\/2018_map-768x542.jpg 768w, https:\/\/le-cairn.ch\/wp-content\/uploads\/2020\/10\/2018_map.jpg 800w\" sizes=\"(max-width: 800px) 100vw, 800px\" alt=\"Sion 2018\" class=\"s201_noselect\"\/><\/div><div class=\"s201_label_text s201_noselect\" data-part=\"label\">Sion 2018<\/div><\/div><div class=\"s201_item_img s201_noselect\" style=\"width:50%;\"><div class=\"s201_overlay_img\" style=\"background-image:url('https:\/\/le-cairn.ch\/wp-content\/uploads\/2020\/10\/1844_map.jpg')\"><img src=\"https:\/\/le-cairn.ch\/wp-content\/uploads\/2020\/10\/1844_map.jpg\" srcset=\"https:\/\/le-cairn.ch\/wp-content\/uploads\/2020\/10\/1844_map-300x212.jpg 300w, https:\/\/le-cairn.ch\/wp-content\/uploads\/2020\/10\/1844_map-768x542.jpg 768w, https:\/\/le-cairn.ch\/wp-content\/uploads\/2020\/10\/1844_map.jpg 800w\" sizes=\"(max-width: 800px) 100vw, 800px\" alt=\"Sion 1844\" class=\"s201_noselect\"\/><\/div><div class=\"s201_label_text s201_noselect\" data-part=\"label\">Sion 1844<\/div>\r\n\t\t\t\t\t\t\t<div class=\"s201_slider s201_style_1\" style=\"top:50%;\"><div class=\"s201_top_line\"><\/div><div class=\"s201_handle\"><div class=\"s201_left_arrow\"><\/div><div class=\"s201_right_arrow\"><\/div><\/div><div class=\"s201_bottom_line\"><\/div><\/div>\r\n\t\t\t\t\t\t<\/div>\t\t\t\t\t<\/div>\r\n\t\t<\/div>\n\n\n\n<p>\u00a9 swisstopo &#8211; <a href=\"https:\/\/map.geo.admin.ch\/?notooltip=true&amp;topic=ech&amp;lang=fr&amp;bgLayer=voidLayer&amp;zoom=1.25&amp;showTooltip=false&amp;layers=ch.bafu.gefahren-basiskarte,ch.meteoschweiz.messwerte-lufttemperatur-10min&amp;ch.meteoschweiz.&amp;layers_opacity=0.4,1&amp;E=2660747.43&amp;N=1201959.42\" target=\"_blank\" rel=\"noreferrer noopener\">www.geo.admin.ch<\/a><\/p>\n\n\n<p>Une ville, un lieu s&#8217;inscrit dans son pass\u00e9, son pr\u00e9sent et son futur. Comment ces \u00e9poques et leurs enjeux ont influenc\u00e9, influencent et influenceront la ville de Sion? Voil\u00e0 les grandes lignes de notre nouveau projet.<\/p>\n<p>En parall\u00e8le de l&#8217;exposition, on vous propose plusieurs \u00e9v\u00e8nements en lien avec l&#8217;exposition. Vous trouverez sur <a href=\"https:\/\/le-cairn.ch\/?page_id=1336\">cette page<\/a> le programme complet.<\/p>\n\n\n<p class=\"has-text-align-right\">t\u00e9l\u00e9charger le<strong> <a href=\"https:\/\/le-cairn.ch\/wp-content\/uploads\/2022\/10\/20221024_Sion_dossierDePresse.pdf\">dossier de pr\u00e9sentation<\/a><\/strong><\/p>\n\n\n\n<p class=\"has-text-align-right\">t\u00e9l\u00e9charger <a href=\"https:\/\/le-cairn.ch\/wp-content\/uploads\/2022\/10\/Cairn-Flyers-PROGRAMME-A5.pdf\"><strong>le flyer<\/strong><\/a><\/p>\n\n\n\n<p>Projet r\u00e9alis\u00e9 avec le soutien de :<\/p>\n\n\n\n<div class=\"wp-block-columns is-layout-flex wp-container-7\">\n<div class=\"wp-block-column is-layout-flow\">\n<figure class=\"wp-block-image size-large\"><img decoding=\"async\" loading=\"lazy\" width=\"1024\" height=\"266\" src=\"https:\/\/le-cairn.ch\/wp-content\/uploads\/2022\/10\/LesArsenaux_Logo_RVB-1024x266.png\" alt=\"\" class=\"wp-image-1319\" srcset=\"https:\/\/le-cairn.ch\/wp-content\/uploads\/2022\/10\/LesArsenaux_Logo_RVB-1024x266.png 1024w, https:\/\/le-cairn.ch\/wp-content\/uploads\/2022\/10\/LesArsenaux_Logo_RVB-300x78.png 300w, https:\/\/le-cairn.ch\/wp-content\/uploads\/2022\/10\/LesArsenaux_Logo_RVB-768x199.png 768w, https:\/\/le-cairn.ch\/wp-content\/uploads\/2022\/10\/LesArsenaux_Logo_RVB.png 1261w\" sizes=\"(max-width: 767px) 89vw, (max-width: 1000px) 54vw, (max-width: 1071px) 543px, 580px\" \/><\/figure>\n<\/div>\n\n\n\n<div class=\"wp-block-column is-layout-flow\">\n<figure class=\"wp-block-image size-full\"><img decoding=\"async\" loading=\"lazy\" width=\"200\" height=\"167\" src=\"https:\/\/le-cairn.ch\/wp-content\/uploads\/2018\/07\/SC_MusiquePro_200_web.png\" alt=\"\" class=\"wp-image-460\"\/><\/figure>\n<\/div>\n\n\n\n<div class=\"wp-block-column is-layout-flow\">\n<figure class=\"wp-block-image size-full\"><img decoding=\"async\" loading=\"lazy\" width=\"978\" height=\"510\" src=\"https:\/\/le-cairn.ch\/wp-content\/uploads\/2022\/10\/SION_Logo_ville_CMJN.png\" alt=\"\" class=\"wp-image-1321\" srcset=\"https:\/\/le-cairn.ch\/wp-content\/uploads\/2022\/10\/SION_Logo_ville_CMJN.png 978w, https:\/\/le-cairn.ch\/wp-content\/uploads\/2022\/10\/SION_Logo_ville_CMJN-300x156.png 300w, https:\/\/le-cairn.ch\/wp-content\/uploads\/2022\/10\/SION_Logo_ville_CMJN-768x400.png 768w\" sizes=\"(max-width: 767px) 89vw, (max-width: 1000px) 54vw, (max-width: 1071px) 543px, 580px\" \/><\/figure>\n<\/div>\n\n\n\n<div class=\"wp-block-column is-layout-flow\">\n<figure class=\"wp-block-image size-full\"><img decoding=\"async\" loading=\"lazy\" width=\"200\" height=\"135\" src=\"https:\/\/le-cairn.ch\/wp-content\/uploads\/2018\/09\/Bourgeoisie_200.png\" alt=\"\" class=\"wp-image-526\"\/><\/figure>\n<\/div>\n\n\n\n<div class=\"wp-block-column is-layout-flow\">\n<figure class=\"wp-block-image size-large\"><img decoding=\"async\" loading=\"lazy\" width=\"1024\" height=\"722\" src=\"https:\/\/le-cairn.ch\/wp-content\/uploads\/2022\/10\/AEVSW_logo_quadri-1024x722.jpg\" alt=\"\" class=\"wp-image-1320\" srcset=\"https:\/\/le-cairn.ch\/wp-content\/uploads\/2022\/10\/AEVSW_logo_quadri-1024x722.jpg 1024w, https:\/\/le-cairn.ch\/wp-content\/uploads\/2022\/10\/AEVSW_logo_quadri-300x211.jpg 300w, https:\/\/le-cairn.ch\/wp-content\/uploads\/2022\/10\/AEVSW_logo_quadri-768x541.jpg 768w, https:\/\/le-cairn.ch\/wp-content\/uploads\/2022\/10\/AEVSW_logo_quadri-1536x1083.jpg 1536w, https:\/\/le-cairn.ch\/wp-content\/uploads\/2022\/10\/AEVSW_logo_quadri-2048x1444.jpg 2048w\" sizes=\"(max-width: 767px) 89vw, (max-width: 1000px) 54vw, (max-width: 1071px) 543px, 580px\" \/><\/figure>\n<\/div>\n\n\n\n<div class=\"wp-block-column is-layout-flow\">\n<figure class=\"wp-block-image size-full\"><img decoding=\"async\" loading=\"lazy\" width=\"200\" height=\"71\" src=\"https:\/\/le-cairn.ch\/wp-content\/uploads\/2018\/09\/Loterie_orange_200.png\" alt=\"\" class=\"wp-image-533\"\/><\/figure>\n<\/div>\n<\/div>\n\n\n\n<p><\/p>\n","protected":false},"excerpt":{"rendered":"<p>\u00a9 swisstopo &#8211; www.geo.admin.ch Une ville, un lieu s&#8217;inscrit dans son pass\u00e9, son pr\u00e9sent et son futur. Comment ces \u00e9poques et leurs enjeux ont influenc\u00e9, influencent et influenceront la ville de Sion? Voil\u00e0 les grandes lignes de notre nouveau projet. En parall\u00e8le de l&#8217;exposition, on vous propose plusieurs \u00e9v\u00e8nements en lien avec l&#8217;exposition. Vous trouverez &hellip; <\/p>\n<p class=\"link-more\"><a href=\"https:\/\/le-cairn.ch\/?page_id=905\" class=\"more-link\">Continuer la lecture<span class=\"screen-reader-text\"> de &laquo;&nbsp;Exposition 2022 : Sion, quo vadis?&nbsp;&raquo;<\/span><\/a><\/p>\n","protected":false},"author":1,"featured_media":0,"parent":0,"menu_order":0,"comment_status":"closed","ping_status":"closed","template":"","meta":[],"wf_page_folders":[17],"_links":{"self":[{"href":"https:\/\/le-cairn.ch\/index.php?rest_route=\/wp\/v2\/pages\/905"}],"collection":[{"href":"https:\/\/le-cairn.ch\/index.php?rest_route=\/wp\/v2\/pages"}],"about":[{"href":"https:\/\/le-cairn.ch\/index.php?rest_route=\/wp\/v2\/types\/page"}],"author":[{"embeddable":true,"href":"https:\/\/le-cairn.ch\/index.php?rest_route=\/wp\/v2\/users\/1"}],"replies":[{"embeddable":true,"href":"https:\/\/le-cairn.ch\/index.php?rest_route=%2Fwp%2Fv2%2Fcomments&post=905"}],"version-history":[{"count":32,"href":"https:\/\/le-cairn.ch\/index.php?rest_route=\/wp\/v2\/pages\/905\/revisions"}],"predecessor-version":[{"id":1397,"href":"https:\/\/le-cairn.ch\/index.php?rest_route=\/wp\/v2\/pages\/905\/revisions\/1397"}],"wp:attachment":[{"href":"https:\/\/le-cairn.ch\/index.php?rest_route=%2Fwp%2Fv2%2Fmedia&parent=905"}],"wp:term":[{"taxonomy":"wf_page_folders","embeddable":true,"href":"https:\/\/le-cairn.ch\/index.php?rest_route=%2Fwp%2Fv2%2Fwf_page_folders&post=905"}],"curies":[{"name":"wp","href":"https:\/\/api.w.org\/{rel}","templated":true}]}}