{"id":943,"date":"2020-10-26T22:16:15","date_gmt":"2020-10-26T22:16:15","guid":{"rendered":"https:\/\/le-cairn.ch\/?page_id=943"},"modified":"2020-11-01T09:56:57","modified_gmt":"2020-11-01T09:56:57","slug":"2020-exposition-reportee-la-vieillesse","status":"publish","type":"page","link":"https:\/\/le-cairn.ch\/?page_id=943","title":{"rendered":"2020 &#8211; &#8220;La vieillesse&#8221; \/ report \u00e0 une date ult\u00e9rieure"},"content":{"rendered":"\n<figure class=\"wp-block-image size-large\"><img decoding=\"async\" loading=\"lazy\" width=\"1024\" height=\"682\" src=\"https:\/\/le-cairn.ch\/wp-content\/uploads\/2020\/10\/hand-3672958_1280-1024x682.jpg\" alt=\"\" class=\"wp-image-946\" srcset=\"https:\/\/le-cairn.ch\/wp-content\/uploads\/2020\/10\/hand-3672958_1280-1024x682.jpg 1024w, https:\/\/le-cairn.ch\/wp-content\/uploads\/2020\/10\/hand-3672958_1280-300x200.jpg 300w, https:\/\/le-cairn.ch\/wp-content\/uploads\/2020\/10\/hand-3672958_1280-768x512.jpg 768w, https:\/\/le-cairn.ch\/wp-content\/uploads\/2020\/10\/hand-3672958_1280.jpg 1280w\" sizes=\"(max-width: 767px) 89vw, (max-width: 1000px) 54vw, (max-width: 1071px) 543px, 580px\" \/><\/figure>\n\n\n<div class=\"page\" title=\"Page 2\">\n<div class=\"section\">\n<div class=\"layoutArea\">\n<div class=\"column\">\n<p>Encourag\u00e9e par le succ\u00e8s de <a href=\"https:\/\/le-cairn.ch\/?page_id=358\">notre premi\u00e8re exposition<\/a>, l\u2019association se tourne vers une nouvelle th\u00e9matique : la vieillesse.<br \/>Dans une soci\u00e9t\u00e9 qui encense la jeunesse, camoufle ostensiblement les signes de d\u00e9clin, \u00e9lude de son quotidien ses a\u00een\u00e9s, comment valoriser cette richesse m\u00e9morielle n\u00e9e de l\u2019exp\u00e9rience ? Comment favoriser le lien social, essentiel \u00e0 la transmission culturelle ?<br \/>Quels sont les effets physiologiques et psychologiques de l\u2019avanc\u00e9e dans l\u2019\u00e2ge ? Comment l\u2019\u00e9conomie s\u2019adapte-t-elle au vieillissement de la population ? Quels besoins en d\u00e9coulent ?<\/p>\n<p>Organis\u00e9e sur le m\u00eame principe de transdisciplinarit\u00e9, la nouvelle exposition aurait du avoir lieu \u00e0 l\u2019automne 2020 \u00e0 Sion. La situation sanitaire ne nous a pas permis de mener \u00e0 bien ce projet. Il vous sera propos\u00e9 ult\u00e9rieurement.<\/p>\n<\/div>\n<\/div>\n<\/div>\n<\/div>","protected":false},"excerpt":{"rendered":"<p>Encourag\u00e9e par le succ\u00e8s de notre premi\u00e8re exposition, l\u2019association se tourne vers une nouvelle th\u00e9matique : la vieillesse.Dans une soci\u00e9t\u00e9 qui encense la jeunesse, camoufle ostensiblement les signes de d\u00e9clin, \u00e9lude de son quotidien ses a\u00een\u00e9s, comment valoriser cette richesse m\u00e9morielle n\u00e9e de l\u2019exp\u00e9rience ? Comment favoriser le lien social, essentiel \u00e0 la transmission culturelle &hellip; <\/p>\n<p class=\"link-more\"><a href=\"https:\/\/le-cairn.ch\/?page_id=943\" class=\"more-link\">Continuer la lecture<span class=\"screen-reader-text\"> de &laquo;&nbsp;2020 &#8211; &#8220;La vieillesse&#8221; \/ report \u00e0 une date ult\u00e9rieure&nbsp;&raquo;<\/span><\/a><\/p>\n","protected":false},"author":1,"featured_media":0,"parent":0,"menu_order":0,"comment_status":"closed","ping_status":"closed","template":"","meta":[],"wf_page_folders":[21],"_links":{"self":[{"href":"https:\/\/le-cairn.ch\/index.php?rest_route=\/wp\/v2\/pages\/943"}],"collection":[{"href":"https:\/\/le-cairn.ch\/index.php?rest_route=\/wp\/v2\/pages"}],"about":[{"href":"https:\/\/le-cairn.ch\/index.php?rest_route=\/wp\/v2\/types\/page"}],"author":[{"embeddable":true,"href":"https:\/\/le-cairn.ch\/index.php?rest_route=\/wp\/v2\/users\/1"}],"replies":[{"embeddable":true,"href":"https:\/\/le-cairn.ch\/index.php?rest_route=%2Fwp%2Fv2%2Fcomments&post=943"}],"version-history":[{"count":5,"href":"https:\/\/le-cairn.ch\/index.php?rest_route=\/wp\/v2\/pages\/943\/revisions"}],"predecessor-version":[{"id":963,"href":"https:\/\/le-cairn.ch\/index.php?rest_route=\/wp\/v2\/pages\/943\/revisions\/963"}],"wp:attachment":[{"href":"https:\/\/le-cairn.ch\/index.php?rest_route=%2Fwp%2Fv2%2Fmedia&parent=943"}],"wp:term":[{"taxonomy":"wf_page_folders","embeddable":true,"href":"https:\/\/le-cairn.ch\/index.php?rest_route=%2Fwp%2Fv2%2Fwf_page_folders&post=943"}],"curies":[{"name":"wp","href":"https:\/\/api.w.org\/{rel}","templated":true}]}}